{"id":556,"date":"2023-06-21T20:27:37","date_gmt":"2023-06-21T18:27:37","guid":{"rendered":"https:\/\/bebidasinn.makesystems.com.co\/?post_type=product&#038;p=556"},"modified":"2026-03-26T20:15:51","modified_gmt":"2026-03-26T19:15:51","slug":"bebida-hidratante-energetica-para-deportistas-sabor-mandarina-x-600-ml","status":"publish","type":"product","link":"https:\/\/bebidasinn.com\/?product=bebida-hidratante-energetica-para-deportistas-sabor-mandarina-x-600-ml","title":{"rendered":"Hidratante Mandarina 600 ml"},"content":{"rendered":"<h4>Ingredientes<\/h4>\n<p>Agua, az\u00facar, dextrosa, mezcla de sales (acidulante (\u00e1cido c\u00edtrico), citrato de sodio, cloruro de potasio,<br \/>\ncloruro de sodio, regulador de acidez (\u00e1cido m\u00e1lico)), sabor mandarina id\u00e9ntico al natural, conservantes (sorbato de potasio y benzoato de sodio) colorante artificial (amarillo #6, E110). Sodio (15 mEq\/L), Cloruros (11 mEq\/L), Potasio (4,7 mEq\/L), Glucosa 6%, Osmolaridad (273 mOsmL).<\/p>\n<p>&nbsp;<\/p>\n<h4>Informaci\u00f3n Nutricional<\/h4>\n<p>Tama\u00f1o de porci\u00f3n: 1 vaso (200 mL)<br \/>\nN\u00famero de porciones por envases: 3<\/p>\n<table width=\"314\">\n<tbody>\n<tr>\n<td width=\"154\">Calor\u00edas (Kcal)<\/td>\n<td width=\"80\">Por 100mL<\/td>\n<td width=\"80\">Por Porci\u00f3n<\/td>\n<\/tr>\n<tr>\n<td><\/td>\n<td>25<\/td>\n<td>51<\/td>\n<\/tr>\n<tr>\n<td>Grasa Total<\/td>\n<td>0 g<\/td>\n<td>1,0 g<\/td>\n<\/tr>\n<tr>\n<td>Carbohidratos Totales<\/td>\n<td>6,1 g<\/td>\n<td>12g<\/td>\n<\/tr>\n<tr>\n<td>Az\u00facares Totales<\/td>\n<td>5,3 g<\/td>\n<td>11 g<\/td>\n<\/tr>\n<tr>\n<td>AZUCARES A\u00d1ADIDOS<\/td>\n<td>5,3 g<\/td>\n<td>11 g<\/td>\n<\/tr>\n<tr>\n<td>Sodio<\/td>\n<td>29 mg<\/td>\n<td>58 mg<\/td>\n<\/tr>\n<\/tbody>\n<\/table>\n<p>No es una fuente significativa de Prote\u00edna, Vitamina D, Hierro, Calcio, Zinc, Vitamina A, y fibra.<\/p>\n<p><strong>Reg. Sanitario:<\/strong> RSA-0028623-2023.<\/p>\n","protected":false},"excerpt":{"rendered":"<p>12 unidades \u2013 $1.900 valor por unidad<\/p>\n<p><strong>Bebida hidratante energ\u00e9tica para deportistas sabor Mandarina<\/strong><\/p>\n<p>\u00a1Cambia los sabores, pero nunca tu hidrataci\u00f3n! Refr\u00e9scate y si\u00e9ntete bien con nuestro Hidratante sabor a Mandarina INN! \u00a1S\u00e9 el mejor deportista!<\/p>\n","protected":false},"featured_media":2579,"comment_status":"open","ping_status":"closed","template":"","meta":[],"product_brand":[],"product_cat":[24,27],"product_tag":[],"class_list":{"0":"post-556","1":"product","2":"type-product","3":"status-publish","4":"has-post-thumbnail","6":"product_cat-hidratantes","7":"product_cat-tienda","9":"first","10":"instock","11":"shipping-taxable","12":"purchasable","13":"product-type-simple"},"_links":{"self":[{"href":"https:\/\/bebidasinn.com\/index.php?rest_route=\/wp\/v2\/product\/556","targetHints":{"allow":["GET"]}}],"collection":[{"href":"https:\/\/bebidasinn.com\/index.php?rest_route=\/wp\/v2\/product"}],"about":[{"href":"https:\/\/bebidasinn.com\/index.php?rest_route=\/wp\/v2\/types\/product"}],"replies":[{"embeddable":true,"href":"https:\/\/bebidasinn.com\/index.php?rest_route=%2Fwp%2Fv2%2Fcomments&post=556"}],"wp:featuredmedia":[{"embeddable":true,"href":"https:\/\/bebidasinn.com\/index.php?rest_route=\/wp\/v2\/media\/2579"}],"wp:attachment":[{"href":"https:\/\/bebidasinn.com\/index.php?rest_route=%2Fwp%2Fv2%2Fmedia&parent=556"}],"wp:term":[{"taxonomy":"product_brand","embeddable":true,"href":"https:\/\/bebidasinn.com\/index.php?rest_route=%2Fwp%2Fv2%2Fproduct_brand&post=556"},{"taxonomy":"product_cat","embeddable":true,"href":"https:\/\/bebidasinn.com\/index.php?rest_route=%2Fwp%2Fv2%2Fproduct_cat&post=556"},{"taxonomy":"product_tag","embeddable":true,"href":"https:\/\/bebidasinn.com\/index.php?rest_route=%2Fwp%2Fv2%2Fproduct_tag&post=556"}],"curies":[{"name":"wp","href":"https:\/\/api.w.org\/{rel}","templated":true}]}}