{"id":536,"date":"2023-06-21T20:16:30","date_gmt":"2023-06-21T18:16:30","guid":{"rendered":"https:\/\/bebidasinn.makesystems.com.co\/?post_type=product&#038;p=536"},"modified":"2026-03-27T15:43:40","modified_gmt":"2026-03-27T14:43:40","slug":"bebida-gaseosa-caribena-x-1-l","status":"publish","type":"product","link":"https:\/\/bebidasinn.com\/?product=bebida-gaseosa-caribena-x-1-l","title":{"rendered":"Gaseosa Caribe\u00f1a 1000 ml"},"content":{"rendered":"<h4><img loading=\"lazy\" decoding=\"async\" class=\"alignnone size-full wp-image-2029\" src=\"http:\/\/18.214.71.244\/~bebidasinn\/wp-content\/uploads\/2023\/06\/Azucares.png\" alt=\"\" width=\"196\" height=\"196\" srcset=\"https:\/\/bebidasinn.com\/wp-content\/uploads\/2023\/06\/Azucares.png 196w, https:\/\/bebidasinn.com\/wp-content\/uploads\/2023\/06\/Azucares-150x150.png 150w, https:\/\/bebidasinn.com\/wp-content\/uploads\/2023\/06\/Azucares-100x100.png 100w, https:\/\/bebidasinn.com\/wp-content\/uploads\/2023\/06\/Azucares-64x64.png 64w\" sizes=\"auto, (max-width: 196px) 100vw, 196px\" \/> <img loading=\"lazy\" decoding=\"async\" class=\"alignnone size-full wp-image-2028\" src=\"http:\/\/18.214.71.244\/~bebidasinn\/wp-content\/uploads\/2023\/06\/Sin-titulo-1.png\" alt=\"\" width=\"196\" height=\"196\" srcset=\"https:\/\/bebidasinn.com\/wp-content\/uploads\/2023\/06\/Sin-titulo-1.png 196w, https:\/\/bebidasinn.com\/wp-content\/uploads\/2023\/06\/Sin-titulo-1-150x150.png 150w, https:\/\/bebidasinn.com\/wp-content\/uploads\/2023\/06\/Sin-titulo-1-100x100.png 100w, https:\/\/bebidasinn.com\/wp-content\/uploads\/2023\/06\/Sin-titulo-1-64x64.png 64w\" sizes=\"auto, (max-width: 196px) 100vw, 196px\" \/><\/h4>\n<h4>Ingredientes<\/h4>\n<p>Agua carbonatada, az\u00facar, acidulante (\u00e1cido c\u00edtrico), sabor artificial (cola champa\u00f1a), edulcorantes artificiales (aspartame, acesulfame K), sabor natural dulce, conservante (benzoato de sodio), colorantes artificiales (amarillo quinoleina E104, rojo ponceau E124, azul brilante E133). <strong>\u201cFENILCETON\u00daRICOS: CONTIENE FENILALANINA\u201d<\/strong><\/p>\n<p><strong>Contenido Neto:<\/strong>\u00a01000 mL<\/p>\n<p><strong>Porciones:<\/strong>\u00a05<\/p>\n<h4>Informaci\u00f3n Nutricional<\/h4>\n<p>(100 mL): <strong>Calor\u00edas 14<\/strong>, Grasa total 0 g, Carbohidratos totales 3,5 g, Az\u00facares totales 3,0 g, <strong>Az\u00facares a\u00f1adidos 3,0 g, Sodio 3,4 mg.<\/strong> <strong>Informaci\u00f3n nutricional<\/strong> (porci\u00f3n): <strong>tama\u00f1o de porci\u00f3n:<\/strong> 1 vaso (200 mL)<strong> N\u00famero de porciones por envase:<\/strong> 5, Calor\u00edas 28, Grasa total 0 g, Carbohidratos totales 7,0 g, Az\u00facares totales 6,0 g, <strong>Az\u00facares a\u00f1adidos 6,0 g, Sodio 6,9 mg.<\/strong> No es una fuente significativa de Grasa Saturada, Grasa Trans, Fibra, Prote\u00edna, Vitamina A, Vitamina D, Hierro, Calcio y Zinc.<\/p>\n<p><strong>Reg. Sanitario:<\/strong> RSA-0023337-2023<\/p>\n","protected":false},"excerpt":{"rendered":"<p>12 unidades \u2013 $2.216 valor por unidad<\/p>\n<p><strong>Bebida gaseosa con sabor a Cola Champa\u00f1a<\/strong><\/p>\n<p>Los mejores momentos van de la mano de una caribe\u00f1a INN con un tama\u00f1o perfecto para ti.<\/p>\n","protected":false},"featured_media":3102,"comment_status":"open","ping_status":"closed","template":"","meta":[],"product_brand":[],"product_cat":[23,27],"product_tag":[],"class_list":{"0":"post-536","1":"product","2":"type-product","3":"status-publish","4":"has-post-thumbnail","6":"product_cat-gaseosas","7":"product_cat-tienda","9":"first","10":"outofstock","11":"shipping-taxable","12":"purchasable","13":"product-type-simple"},"_links":{"self":[{"href":"https:\/\/bebidasinn.com\/index.php?rest_route=\/wp\/v2\/product\/536","targetHints":{"allow":["GET"]}}],"collection":[{"href":"https:\/\/bebidasinn.com\/index.php?rest_route=\/wp\/v2\/product"}],"about":[{"href":"https:\/\/bebidasinn.com\/index.php?rest_route=\/wp\/v2\/types\/product"}],"replies":[{"embeddable":true,"href":"https:\/\/bebidasinn.com\/index.php?rest_route=%2Fwp%2Fv2%2Fcomments&post=536"}],"wp:featuredmedia":[{"embeddable":true,"href":"https:\/\/bebidasinn.com\/index.php?rest_route=\/wp\/v2\/media\/3102"}],"wp:attachment":[{"href":"https:\/\/bebidasinn.com\/index.php?rest_route=%2Fwp%2Fv2%2Fmedia&parent=536"}],"wp:term":[{"taxonomy":"product_brand","embeddable":true,"href":"https:\/\/bebidasinn.com\/index.php?rest_route=%2Fwp%2Fv2%2Fproduct_brand&post=536"},{"taxonomy":"product_cat","embeddable":true,"href":"https:\/\/bebidasinn.com\/index.php?rest_route=%2Fwp%2Fv2%2Fproduct_cat&post=536"},{"taxonomy":"product_tag","embeddable":true,"href":"https:\/\/bebidasinn.com\/index.php?rest_route=%2Fwp%2Fv2%2Fproduct_tag&post=536"}],"curies":[{"name":"wp","href":"https:\/\/api.w.org\/{rel}","templated":true}]}}