{"id":511,"date":"2023-06-21T19:55:02","date_gmt":"2023-06-21T17:55:02","guid":{"rendered":"https:\/\/bebidasinn.makesystems.com.co\/?post_type=product&#038;p=511"},"modified":"2026-03-27T15:54:37","modified_gmt":"2026-03-27T14:54:37","slug":"bebida-gaseosa-manzana-x-1-7-l","status":"publish","type":"product","link":"https:\/\/bebidasinn.com\/?product=bebida-gaseosa-manzana-x-1-7-l","title":{"rendered":"Gaseosa Manzana 1700 ml"},"content":{"rendered":"<h4><img loading=\"lazy\" decoding=\"async\" class=\"alignnone size-full wp-image-2029\" src=\"http:\/\/18.214.71.244\/~bebidasinn\/wp-content\/uploads\/2023\/06\/Azucares.png\" alt=\"\" width=\"196\" height=\"196\" srcset=\"https:\/\/bebidasinn.com\/wp-content\/uploads\/2023\/06\/Azucares.png 196w, https:\/\/bebidasinn.com\/wp-content\/uploads\/2023\/06\/Azucares-150x150.png 150w, https:\/\/bebidasinn.com\/wp-content\/uploads\/2023\/06\/Azucares-100x100.png 100w, https:\/\/bebidasinn.com\/wp-content\/uploads\/2023\/06\/Azucares-64x64.png 64w\" sizes=\"auto, (max-width: 196px) 100vw, 196px\" \/> <img loading=\"lazy\" decoding=\"async\" class=\"alignnone size-full wp-image-2028\" src=\"http:\/\/18.214.71.244\/~bebidasinn\/wp-content\/uploads\/2023\/06\/Sin-titulo-1.png\" alt=\"\" width=\"196\" height=\"196\" srcset=\"https:\/\/bebidasinn.com\/wp-content\/uploads\/2023\/06\/Sin-titulo-1.png 196w, https:\/\/bebidasinn.com\/wp-content\/uploads\/2023\/06\/Sin-titulo-1-150x150.png 150w, https:\/\/bebidasinn.com\/wp-content\/uploads\/2023\/06\/Sin-titulo-1-100x100.png 100w, https:\/\/bebidasinn.com\/wp-content\/uploads\/2023\/06\/Sin-titulo-1-64x64.png 64w\" sizes=\"auto, (max-width: 196px) 100vw, 196px\" \/><\/h4>\n<h4>Ingredientes<\/h4>\n<p>Agua carbonatada, az\u00facar, sabor artificial (manzana), acidulante (\u00e1cido c\u00edtrico), edulcorantes artificiales (aspartame, acesulfame k), sabor natural dulce, conservante (benzoato de sodio), colorantes artificiales (rojo #9 E123, amarillo #6 E110). <strong>\u201cFENILCETON\u00daRICOS: CONTIENE FENILALANINA\u201d<\/strong><\/p>\n<p><strong>Contenido Neto:<\/strong>\u00a01700 mL<\/p>\n<p><strong>Porciones:\u00a0<\/strong>Aprox. 9<\/p>\n<h4>Informaci\u00f3n Nutricional<\/h4>\n<p>Tama\u00f1o de porci\u00f3n: 1 vaso (200 mL)<br \/>\nN\u00famero de porciones por envase: Aprox. 9<\/p>\n<table width=\"314\">\n<tbody>\n<tr>\n<td width=\"154\">Calor\u00edas (Kcal)<\/td>\n<td width=\"80\">Por 100mL<\/td>\n<td width=\"80\">Por Porci\u00f3n<\/td>\n<\/tr>\n<tr>\n<td><\/td>\n<td>13<\/td>\n<td>26<\/td>\n<\/tr>\n<tr>\n<td>Grasa Total<\/td>\n<td>0 g<\/td>\n<td>0 g<\/td>\n<\/tr>\n<tr>\n<td>Carbohidratos Totales<\/td>\n<td>3,3 g<\/td>\n<td>6,6g<\/td>\n<\/tr>\n<tr>\n<td>Az\u00facares Totales<\/td>\n<td>3,0 g<\/td>\n<td>6,0 g<\/td>\n<\/tr>\n<tr>\n<td>AZUCARES A\u00d1ADIDOS<\/td>\n<td>3,0 g<\/td>\n<td>6,0 g<\/td>\n<\/tr>\n<tr>\n<td>Sodio<\/td>\n<td>3,3 mg<\/td>\n<td>6,6 mg<\/td>\n<\/tr>\n<\/tbody>\n<\/table>\n<p>No es una fuente significativa de Grasa<br \/>\nSaturada, Grasa Trans, Prote\u00edna, Vitamina D,<br \/>\nHierro, Calcio, Zinc, Vitamina A, y fibra.<\/p>\n<p><strong>Reg. Sanitario:<\/strong> RSA-0023337-2023<\/p>\n","protected":false},"excerpt":{"rendered":"<p>8 unidades \u2013 $3.206 valor por unidad<\/p>\n<p><strong>Bebida gaseosa con sabor a manzana<\/strong><\/p>\n<p>Cada momento es \u00fanico, por eso debes disfrutarlo con productos \u00fanicos como nuestra gaseosa manzana INN. \u00a1Refr\u00e9scate!<\/p>\n","protected":false},"featured_media":3114,"comment_status":"open","ping_status":"closed","template":"","meta":[],"product_brand":[],"product_cat":[23,27],"product_tag":[],"class_list":{"0":"post-511","1":"product","2":"type-product","3":"status-publish","4":"has-post-thumbnail","6":"product_cat-gaseosas","7":"product_cat-tienda","9":"first","10":"instock","11":"shipping-taxable","12":"purchasable","13":"product-type-simple"},"_links":{"self":[{"href":"https:\/\/bebidasinn.com\/index.php?rest_route=\/wp\/v2\/product\/511","targetHints":{"allow":["GET"]}}],"collection":[{"href":"https:\/\/bebidasinn.com\/index.php?rest_route=\/wp\/v2\/product"}],"about":[{"href":"https:\/\/bebidasinn.com\/index.php?rest_route=\/wp\/v2\/types\/product"}],"replies":[{"embeddable":true,"href":"https:\/\/bebidasinn.com\/index.php?rest_route=%2Fwp%2Fv2%2Fcomments&post=511"}],"wp:featuredmedia":[{"embeddable":true,"href":"https:\/\/bebidasinn.com\/index.php?rest_route=\/wp\/v2\/media\/3114"}],"wp:attachment":[{"href":"https:\/\/bebidasinn.com\/index.php?rest_route=%2Fwp%2Fv2%2Fmedia&parent=511"}],"wp:term":[{"taxonomy":"product_brand","embeddable":true,"href":"https:\/\/bebidasinn.com\/index.php?rest_route=%2Fwp%2Fv2%2Fproduct_brand&post=511"},{"taxonomy":"product_cat","embeddable":true,"href":"https:\/\/bebidasinn.com\/index.php?rest_route=%2Fwp%2Fv2%2Fproduct_cat&post=511"},{"taxonomy":"product_tag","embeddable":true,"href":"https:\/\/bebidasinn.com\/index.php?rest_route=%2Fwp%2Fv2%2Fproduct_tag&post=511"}],"curies":[{"name":"wp","href":"https:\/\/api.w.org\/{rel}","templated":true}]}}