{"id":367,"date":"2023-06-21T17:35:05","date_gmt":"2023-06-21T15:35:05","guid":{"rendered":"https:\/\/bebidasinn.makesystems.com.co\/?post_type=product&#038;p=367"},"modified":"2026-03-27T16:00:46","modified_gmt":"2026-03-27T15:00:46","slug":"bebida-energizante-vital-energy-sin-azucar-x-250-ml","status":"publish","type":"product","link":"https:\/\/bebidasinn.com\/?product=bebida-energizante-vital-energy-sin-azucar-x-250-ml","title":{"rendered":"Energizante 250 ml"},"content":{"rendered":"<h4><img loading=\"lazy\" decoding=\"async\" class=\"alignnone size-full wp-image-2028\" src=\"http:\/\/18.214.71.244\/~bebidasinn\/wp-content\/uploads\/2023\/06\/Sin-titulo-1.png\" alt=\"\" width=\"196\" height=\"196\" srcset=\"https:\/\/bebidasinn.com\/wp-content\/uploads\/2023\/06\/Sin-titulo-1.png 196w, https:\/\/bebidasinn.com\/wp-content\/uploads\/2023\/06\/Sin-titulo-1-150x150.png 150w, https:\/\/bebidasinn.com\/wp-content\/uploads\/2023\/06\/Sin-titulo-1-100x100.png 100w, https:\/\/bebidasinn.com\/wp-content\/uploads\/2023\/06\/Sin-titulo-1-64x64.png 64w\" sizes=\"auto, (max-width: 196px) 100vw, 196px\" \/><\/h4>\n<h4>Ingredientes<\/h4>\n<p><span data-sheets-formula-bar-text-style=\"font-size:13px;color:#000000;font-weight:normal;text-decoration:none;font-family:'Arial';font-style:normal;text-decoration-skip-ink:none;\">Agua Carbonatada, Unidad de Sabor y Mezcla Energ\u00e9tica (\u00c1cido c\u00edtrico, Taurina, Citrato de Sodio, Cafe\u00edna, Niacina (Vitamina B3), Extracto de guaran\u00e1, Inositol, Riboflavina, \u00c1cido\u00a0<\/span><span data-sheets-formula-bar-text-style=\"font-size:13px;color:#000000;font-weight:normal;text-decoration:none;font-family:'Arial';font-style:normal;text-decoration-skip-ink:none;\">Pantot\u00e9nico (Vitamina B5<\/span><span data-sheets-formula-bar-text-style=\"font-size:13px;color:#000000;font-weight:normal;text-decoration:none;font-family:'Arial';font-style:normal;text-decoration-skip-ink:none;\">), Cobalamina, Piridoxina (Vitamina B6), Sabor Artificial frutos rojos, Glucoronolactona<\/span><span data-sheets-formula-bar-text-style=\"font-size:13px;color:#000000;font-weight:normal;text-decoration:none;font-family:'Arial';font-style:normal;text-decoration-skip-ink:none;\">), Edulcorante (Aspartame y Acesulfame K), Conservante (Sorbato de Potasio y Benzoato de Sodio).\u00a0<strong>\u201c<\/strong><\/span><strong>FENILCETON\u00daRICOS: CONTIENE FENILALANINA\u201d.<\/strong><\/p>\n<p>&nbsp;<\/p>\n<h4>Informaci\u00f3n Nutricional<\/h4>\n<ul>\n<li>Tama\u00f1o por Porci\u00f3n 1 vaso (240ml)<\/li>\n<li>Porciones por envase aprox. 1.7<\/li>\n<\/ul>\n<p>&nbsp;<\/p>\n<h4>Cantidad por porci\u00f3n<\/h4>\n<ul>\n<li><span data-sheets-formula-bar-text-style=\"font-size:13px;color:#000000;font-weight:bold;text-decoration:none;font-family:'docs-Calibri';font-style:normal;text-decoration-skip-ink:none;\">Calor\u00edas<\/span><span data-sheets-formula-bar-text-style=\"font-size:13px;color:#000000;font-weight:normal;text-decoration:none;font-family:'docs-Calibri';font-style:normal;text-decoration-skip-ink:none;\">\u00a00<\/span><\/li>\n<\/ul>\n<p>&nbsp;<\/p>\n<h4>% Valor Diario*<\/h4>\n<ol>\n<li>Grasa Total 0 g<strong>0%<\/strong><\/li>\n<li>Sodio 100mg<strong>4%<\/strong><\/li>\n<li>Carbohidratos totales 0g<strong>0%<\/strong><\/li>\n<li>Az\u00facares 0 g<\/li>\n<li>Prote\u00edna 0 g<\/li>\n<\/ol>\n<p>&nbsp;<\/p>\n<ol>\n<li>Vitamina B5 (Acido Pantot\u00e9nico) 5mg<strong>50%<\/strong><\/li>\n<li>Vitamina B12 (Cobalamina) 4.8 mg<strong>80%<\/strong><\/li>\n<li>Vitamina B3 (Niacina) 20 mg<strong>100%<\/strong><\/li>\n<li>Vitamina B6 (Piridoxina) 5 mg<strong>100%<\/strong><\/li>\n<\/ol>\n<p>&nbsp;<\/p>\n<p>No es una fuente significativa de calor\u00edas de la Grasa, Grasa Saturada, Grasa Trans, Colesterol, Fibra Dietar\u00eda, Vitamina A, Vitamina C, Calcio y Hierro.<\/p>\n<p><strong>Reg. Sanitario:<\/strong> RSAA15I17813<\/p>\n","protected":false},"excerpt":{"rendered":"<p>15 unidades \u2013 $1.300 valor por unidad<\/p>\n<p><strong>Bebida Energizante Vital Energy Sin Az\u00facar.<\/strong><\/p>\n<p>Recarga tu energ\u00eda con nuestro Energizante Vital Energy. Mantente despierto. Mantente INN. Rec\u00e1rgate con nuestros Vital Energy, tendr\u00e1s la fuerza, y el poder que necesitas.<\/p>\n","protected":false},"featured_media":482,"comment_status":"open","ping_status":"closed","template":"","meta":[],"product_brand":[],"product_cat":[22,27],"product_tag":[],"class_list":{"0":"post-367","1":"product","2":"type-product","3":"status-publish","4":"has-post-thumbnail","6":"product_cat-energizantes","7":"product_cat-tienda","9":"first","10":"outofstock","11":"shipping-taxable","12":"purchasable","13":"product-type-simple"},"_links":{"self":[{"href":"https:\/\/bebidasinn.com\/index.php?rest_route=\/wp\/v2\/product\/367","targetHints":{"allow":["GET"]}}],"collection":[{"href":"https:\/\/bebidasinn.com\/index.php?rest_route=\/wp\/v2\/product"}],"about":[{"href":"https:\/\/bebidasinn.com\/index.php?rest_route=\/wp\/v2\/types\/product"}],"replies":[{"embeddable":true,"href":"https:\/\/bebidasinn.com\/index.php?rest_route=%2Fwp%2Fv2%2Fcomments&post=367"}],"wp:featuredmedia":[{"embeddable":true,"href":"https:\/\/bebidasinn.com\/index.php?rest_route=\/wp\/v2\/media\/482"}],"wp:attachment":[{"href":"https:\/\/bebidasinn.com\/index.php?rest_route=%2Fwp%2Fv2%2Fmedia&parent=367"}],"wp:term":[{"taxonomy":"product_brand","embeddable":true,"href":"https:\/\/bebidasinn.com\/index.php?rest_route=%2Fwp%2Fv2%2Fproduct_brand&post=367"},{"taxonomy":"product_cat","embeddable":true,"href":"https:\/\/bebidasinn.com\/index.php?rest_route=%2Fwp%2Fv2%2Fproduct_cat&post=367"},{"taxonomy":"product_tag","embeddable":true,"href":"https:\/\/bebidasinn.com\/index.php?rest_route=%2Fwp%2Fv2%2Fproduct_tag&post=367"}],"curies":[{"name":"wp","href":"https:\/\/api.w.org\/{rel}","templated":true}]}}