{"id":363,"date":"2025-02-11T00:32:04","date_gmt":"2025-02-10T23:32:04","guid":{"rendered":"https:\/\/bebidasinn.makesystems.com.co\/?post_type=product&#038;p=363"},"modified":"2026-03-26T20:09:05","modified_gmt":"2026-03-26T19:09:05","slug":"refresco-mix-caribeno-x-400-ml","status":"publish","type":"product","link":"https:\/\/bebidasinn.com\/?product=refresco-mix-caribeno-x-400-ml","title":{"rendered":"Citrus Caribe\u00f1o 400 ml"},"content":{"rendered":"<h4><img loading=\"lazy\" decoding=\"async\" class=\"alignnone size-full wp-image-2029\" src=\"http:\/\/18.214.71.244\/~bebidasinn\/wp-content\/uploads\/2023\/06\/Azucares.png\" alt=\"\" width=\"196\" height=\"196\" srcset=\"https:\/\/bebidasinn.com\/wp-content\/uploads\/2023\/06\/Azucares.png 196w, https:\/\/bebidasinn.com\/wp-content\/uploads\/2023\/06\/Azucares-150x150.png 150w, https:\/\/bebidasinn.com\/wp-content\/uploads\/2023\/06\/Azucares-100x100.png 100w, https:\/\/bebidasinn.com\/wp-content\/uploads\/2023\/06\/Azucares-64x64.png 64w\" sizes=\"auto, (max-width: 196px) 100vw, 196px\" \/> <img loading=\"lazy\" decoding=\"async\" class=\"alignnone size-full wp-image-2028\" src=\"http:\/\/18.214.71.244\/~bebidasinn\/wp-content\/uploads\/2023\/06\/Sin-titulo-1.png\" alt=\"\" width=\"196\" height=\"196\" srcset=\"https:\/\/bebidasinn.com\/wp-content\/uploads\/2023\/06\/Sin-titulo-1.png 196w, https:\/\/bebidasinn.com\/wp-content\/uploads\/2023\/06\/Sin-titulo-1-150x150.png 150w, https:\/\/bebidasinn.com\/wp-content\/uploads\/2023\/06\/Sin-titulo-1-100x100.png 100w, https:\/\/bebidasinn.com\/wp-content\/uploads\/2023\/06\/Sin-titulo-1-64x64.png 64w\" sizes=\"auto, (max-width: 196px) 100vw, 196px\" \/><\/h4>\n<h4>Ingredientes<\/h4>\n<p>Agua, az\u00facar, acidulante (\u00e1cido c\u00edtrico), enturbiante, sabor artificial (pi\u00f1a y maracuy\u00e1), estabilizante (goma xantana), regulador de acidez (citrato de sodio), edulcorantes artificiales (sucralosa y sabor natural dulce), acidulante (\u00e1cido asc\u00f3rbico), estabilizante (carboximetilcelulosa), conservantes (sorbato de potasio y benzoato de sodio), colorantes artificiales (amarillo #5 E102, amarillo #6 E110). <strong>\u201cCONTIENE: TARTRAZINA\u201d<\/strong><\/p>\n<p>&nbsp;<\/p>\n<h4>Informaci\u00f3n Nutricional<\/h4>\n<p>(100 mL): <strong>Calor\u00edas 11<\/strong>, Grasa total 0 g, Grasa saturada 0 g, Grasa Trans 0 mg, Carbohidratos totales 2,2 g, Az\u00facares totales 2,0 g, <strong>Az\u00facares a\u00f1adidos 2,0 g, Sodio 10 mg.<\/strong> <strong>Informaci\u00f3n nutricional<\/strong> (porci\u00f3n): <strong>tama\u00f1o de porci\u00f3n:<\/strong> 1 vaso (200 mL)<strong> N\u00famero de porciones por envase:<\/strong> 2, <strong>Calor\u00edas 21<\/strong>, Grasa total 0 g, Grasa Saturada 0 g, Grasa Trans 0 mg, Carbohidratos totales 4,4 g, Az\u00facares totales 3,9 g,<strong> Az\u00facares a\u00f1adidos 4,0 g, Sodio 21 mg.<\/strong> No es una fuente significativa de Fibra, Prote\u00edna, Vitamina A, Vitamina D, Hierro, Calcio y Zinc.<\/p>\n<p><strong>Reg. Sanitario:<\/strong> RSA-0012283-2021<\/p>\n","protected":false},"excerpt":{"rendered":"<p>15 unidades \u2013 $1.000 valor por unidad<\/p>\n<p><strong>Refrezco Mix Caribe\u00f1o<\/strong><\/p>\n<p>\u00bfEst\u00e1s preparado para un mix de sabores? V\u00edvelos con nuestro refresco Caribe\u00f1o. Siente la pi\u00f1a y la granadilla en un solo envase.<\/p>\n","protected":false},"featured_media":480,"comment_status":"open","ping_status":"closed","template":"","meta":[],"product_brand":[],"product_cat":[21,27],"product_tag":[],"class_list":{"0":"post-363","1":"product","2":"type-product","3":"status-publish","4":"has-post-thumbnail","6":"product_cat-citrus","7":"product_cat-tienda","9":"first","10":"outofstock","11":"shipping-taxable","12":"purchasable","13":"product-type-simple"},"_links":{"self":[{"href":"https:\/\/bebidasinn.com\/index.php?rest_route=\/wp\/v2\/product\/363","targetHints":{"allow":["GET"]}}],"collection":[{"href":"https:\/\/bebidasinn.com\/index.php?rest_route=\/wp\/v2\/product"}],"about":[{"href":"https:\/\/bebidasinn.com\/index.php?rest_route=\/wp\/v2\/types\/product"}],"replies":[{"embeddable":true,"href":"https:\/\/bebidasinn.com\/index.php?rest_route=%2Fwp%2Fv2%2Fcomments&post=363"}],"wp:featuredmedia":[{"embeddable":true,"href":"https:\/\/bebidasinn.com\/index.php?rest_route=\/wp\/v2\/media\/480"}],"wp:attachment":[{"href":"https:\/\/bebidasinn.com\/index.php?rest_route=%2Fwp%2Fv2%2Fmedia&parent=363"}],"wp:term":[{"taxonomy":"product_brand","embeddable":true,"href":"https:\/\/bebidasinn.com\/index.php?rest_route=%2Fwp%2Fv2%2Fproduct_brand&post=363"},{"taxonomy":"product_cat","embeddable":true,"href":"https:\/\/bebidasinn.com\/index.php?rest_route=%2Fwp%2Fv2%2Fproduct_cat&post=363"},{"taxonomy":"product_tag","embeddable":true,"href":"https:\/\/bebidasinn.com\/index.php?rest_route=%2Fwp%2Fv2%2Fproduct_tag&post=363"}],"curies":[{"name":"wp","href":"https:\/\/api.w.org\/{rel}","templated":true}]}}