{"id":355,"date":"2023-06-21T17:27:57","date_gmt":"2023-06-21T15:27:57","guid":{"rendered":"https:\/\/bebidasinn.makesystems.com.co\/?post_type=product&#038;p=355"},"modified":"2026-03-27T16:05:12","modified_gmt":"2026-03-27T15:05:12","slug":"refresco-sabor-tropical-x-250-ml","status":"publish","type":"product","link":"https:\/\/bebidasinn.com\/?product=refresco-sabor-tropical-x-250-ml","title":{"rendered":"Citrus Tropical 250 mL"},"content":{"rendered":"<h4><img loading=\"lazy\" decoding=\"async\" class=\"alignnone size-full wp-image-2029\" src=\"http:\/\/18.214.71.244\/~bebidasinn\/wp-content\/uploads\/2023\/06\/Azucares.png\" alt=\"\" width=\"196\" height=\"196\" srcset=\"https:\/\/bebidasinn.com\/wp-content\/uploads\/2023\/06\/Azucares.png 196w, https:\/\/bebidasinn.com\/wp-content\/uploads\/2023\/06\/Azucares-150x150.png 150w, https:\/\/bebidasinn.com\/wp-content\/uploads\/2023\/06\/Azucares-100x100.png 100w, https:\/\/bebidasinn.com\/wp-content\/uploads\/2023\/06\/Azucares-64x64.png 64w\" sizes=\"auto, (max-width: 196px) 100vw, 196px\" \/> <img loading=\"lazy\" decoding=\"async\" class=\"alignnone size-full wp-image-2028\" src=\"http:\/\/18.214.71.244\/~bebidasinn\/wp-content\/uploads\/2023\/06\/Sin-titulo-1.png\" alt=\"\" width=\"196\" height=\"196\" srcset=\"https:\/\/bebidasinn.com\/wp-content\/uploads\/2023\/06\/Sin-titulo-1.png 196w, https:\/\/bebidasinn.com\/wp-content\/uploads\/2023\/06\/Sin-titulo-1-150x150.png 150w, https:\/\/bebidasinn.com\/wp-content\/uploads\/2023\/06\/Sin-titulo-1-100x100.png 100w, https:\/\/bebidasinn.com\/wp-content\/uploads\/2023\/06\/Sin-titulo-1-64x64.png 64w\" sizes=\"auto, (max-width: 196px) 100vw, 196px\" \/><\/h4>\n<h4>Ingredientes<\/h4>\n<p>Agua, az\u00facar, acidulante (\u00e1cido c\u00edtrico), enturbiante, sabor artificial tropical, edulcorante artificial (sucralosa), sabor natural dulce, regulador de acidez (nitrato de sodio), estabilizan (goma xantana), conservantes (benzoato de sodio, sorbito de potasio), colorantes artificiales (amarillo #6 E110, Rojo #40 E129).<\/p>\n<p>&nbsp;<\/p>\n<h4>Informaci\u00f3n Nutricional<\/h4>\n<p>(100 mL): <strong>Calor\u00edas 8,9<\/strong>, Grasa total 0 g, Grasa saturada 0 g, Grasa Trans 0 mg, Carbohidratos totales 1,8 g, Az\u00facares totales 1,6 g, <strong>Az\u00facares a\u00f1adidos 2,0 g, Sodio 7,8 mg. Informaci\u00f3n nutricional<\/strong> (porci\u00f3n): <strong>tama\u00f1o de porci\u00f3n:<\/strong> 1 vaso (200 mL) <strong>N\u00famero de porciones por envase:<\/strong> 1, <strong>Calor\u00edas 18<\/strong>, Grasa total 0 g, Grasa Saturada 0 g, Grasa Trans 0 mg, Carbohidratos totales 3,7 g, Az\u00facares totales 3,2 g, <strong>Az\u00facares a\u00f1adidos 4,0 g, Sodio 16 mg.<\/strong><\/p>\n<p>No es una fuente significativa de Fibra, Prote\u00edna, Vitamina A, Vitamina D, Hierro, Calcio y Zinc.<\/p>\n<p><strong>Reg. Sanitario:<\/strong> RSA-0012283-2021<\/p>\n","protected":false},"excerpt":{"rendered":"<p>Ingredientes Agua, az\u00facar, acidulante (\u00e1cido c\u00edtrico), enturbiante, sabor artificial tropical, edulcorante artificial (sucralosa), sabor natural dulce, regulador de acidez (nitrato de sodio), estabilizan (goma xantana), conservantes (benzoato de sodio, sorbito de potasio), colorantes artificiales (amarillo #6 E110, Rojo #40 E129). &nbsp; Informaci\u00f3n Nutricional (100 mL): Calor\u00edas 8,9, Grasa total 0 g, Grasa saturada 0 g, [&hellip;]<\/p>\n","protected":false},"featured_media":2578,"comment_status":"open","ping_status":"closed","template":"","meta":[],"product_brand":[],"product_cat":[21,27],"product_tag":[],"class_list":{"0":"post-355","1":"product","2":"type-product","3":"status-publish","4":"has-post-thumbnail","6":"product_cat-citrus","7":"product_cat-tienda","9":"first","10":"outofstock","11":"shipping-taxable","12":"purchasable","13":"product-type-simple"},"_links":{"self":[{"href":"https:\/\/bebidasinn.com\/index.php?rest_route=\/wp\/v2\/product\/355","targetHints":{"allow":["GET"]}}],"collection":[{"href":"https:\/\/bebidasinn.com\/index.php?rest_route=\/wp\/v2\/product"}],"about":[{"href":"https:\/\/bebidasinn.com\/index.php?rest_route=\/wp\/v2\/types\/product"}],"replies":[{"embeddable":true,"href":"https:\/\/bebidasinn.com\/index.php?rest_route=%2Fwp%2Fv2%2Fcomments&post=355"}],"wp:featuredmedia":[{"embeddable":true,"href":"https:\/\/bebidasinn.com\/index.php?rest_route=\/wp\/v2\/media\/2578"}],"wp:attachment":[{"href":"https:\/\/bebidasinn.com\/index.php?rest_route=%2Fwp%2Fv2%2Fmedia&parent=355"}],"wp:term":[{"taxonomy":"product_brand","embeddable":true,"href":"https:\/\/bebidasinn.com\/index.php?rest_route=%2Fwp%2Fv2%2Fproduct_brand&post=355"},{"taxonomy":"product_cat","embeddable":true,"href":"https:\/\/bebidasinn.com\/index.php?rest_route=%2Fwp%2Fv2%2Fproduct_cat&post=355"},{"taxonomy":"product_tag","embeddable":true,"href":"https:\/\/bebidasinn.com\/index.php?rest_route=%2Fwp%2Fv2%2Fproduct_tag&post=355"}],"curies":[{"name":"wp","href":"https:\/\/api.w.org\/{rel}","templated":true}]}}