{"id":340,"date":"2025-02-11T00:24:47","date_gmt":"2025-02-10T23:24:47","guid":{"rendered":"https:\/\/bebidasinn.makesystems.com.co\/?post_type=product&#038;p=340"},"modified":"2026-03-26T20:10:20","modified_gmt":"2026-03-26T19:10:20","slug":"refresco-sabor-a-naranja-x-400-ml","status":"publish","type":"product","link":"https:\/\/bebidasinn.com\/?product=refresco-sabor-a-naranja-x-400-ml","title":{"rendered":"Citrus Naranja 400 ml"},"content":{"rendered":"<p><img loading=\"lazy\" decoding=\"async\" class=\"alignnone size-full wp-image-2028\" src=\"http:\/\/18.214.71.244\/~bebidasinn\/wp-content\/uploads\/2023\/06\/Sin-titulo-1.png\" alt=\"\" width=\"196\" height=\"196\" srcset=\"https:\/\/bebidasinn.com\/wp-content\/uploads\/2023\/06\/Sin-titulo-1.png 196w, https:\/\/bebidasinn.com\/wp-content\/uploads\/2023\/06\/Sin-titulo-1-150x150.png 150w, https:\/\/bebidasinn.com\/wp-content\/uploads\/2023\/06\/Sin-titulo-1-100x100.png 100w, https:\/\/bebidasinn.com\/wp-content\/uploads\/2023\/06\/Sin-titulo-1-64x64.png 64w\" sizes=\"auto, (max-width: 196px) 100vw, 196px\" \/><\/p>\n<p><strong>Ingredientes<\/strong><\/p>\n<p>Agua, acidulantes (\u00e1cido c\u00edtrico, acido m\u00e1lico), regulador de acidez (citrato de sodio), edulcorantes artificiales (sucralosa, acesulfame k), sabor natural a naranja, colorantes artificiales (amarillo No.5 E-102, amarillo<br \/>\nNo.6 E-110), antioxidante (\u00e1cido asc\u00f3rbico), estabilizante (goma xantana), conservantes (sorbato de potasio, benzoato de sodio). <strong>\u201cCONTIENE TARTRAZINA\u201d<\/strong><\/p>\n<p><strong>Informaci\u00f3n Nutricional<\/strong><\/p>\n<p>(100mL): <strong>Calor\u00edas 0<\/strong>, Grasa total 0 g, Carbohidratos totales 0 g, Az\u00facares totales 0<br \/>\ng, <strong>Az\u00facares a\u00f1adidos 0 g, Sodio 5,7 mg.<\/strong> <strong>Informaci\u00f3n nutricional<\/strong> (porci\u00f3n): <strong>tama\u00f1o de porci\u00f3n:<\/strong> 1 vaso (200 mL)<strong>N\u00famero de porciones por envase:<\/strong> 2, <strong>Calor\u00edas 0<\/strong>, Grasa total 0 g, Carbohidratos totales 0 g, Az\u00facares totales 0 g, <strong>Az\u00facares a\u00f1adidos 0 g, Sodio 11 mg<\/strong>. No es una fuente significativa de Grasa Saturada, Grasa Trans, Fibra, Prote\u00edna, Vitamina A, Vitamina D, Hierro, Calcio y Zinc.<\/p>\n<p><strong>Reg. Sanitario:<\/strong> RSA-0012283-2021<\/p>\n","protected":false},"excerpt":{"rendered":"<p>15 unidades \u2013 $1.000 valor por unidad<\/p>\n<p><strong>Refresco sabor a Naranja<\/strong><\/p>\n<p>Vibra con el sabor de nuestro Refresco con sabor a Naranja INN. \u00a1Fuerte e intenso para actitudes j\u00f3venes como la tuya!<\/p>\n","protected":false},"featured_media":2034,"comment_status":"open","ping_status":"closed","template":"","meta":[],"product_brand":[],"product_cat":[21,27],"product_tag":[],"class_list":{"0":"post-340","1":"product","2":"type-product","3":"status-publish","4":"has-post-thumbnail","6":"product_cat-citrus","7":"product_cat-tienda","9":"first","10":"outofstock","11":"shipping-taxable","12":"purchasable","13":"product-type-simple"},"_links":{"self":[{"href":"https:\/\/bebidasinn.com\/index.php?rest_route=\/wp\/v2\/product\/340","targetHints":{"allow":["GET"]}}],"collection":[{"href":"https:\/\/bebidasinn.com\/index.php?rest_route=\/wp\/v2\/product"}],"about":[{"href":"https:\/\/bebidasinn.com\/index.php?rest_route=\/wp\/v2\/types\/product"}],"replies":[{"embeddable":true,"href":"https:\/\/bebidasinn.com\/index.php?rest_route=%2Fwp%2Fv2%2Fcomments&post=340"}],"wp:featuredmedia":[{"embeddable":true,"href":"https:\/\/bebidasinn.com\/index.php?rest_route=\/wp\/v2\/media\/2034"}],"wp:attachment":[{"href":"https:\/\/bebidasinn.com\/index.php?rest_route=%2Fwp%2Fv2%2Fmedia&parent=340"}],"wp:term":[{"taxonomy":"product_brand","embeddable":true,"href":"https:\/\/bebidasinn.com\/index.php?rest_route=%2Fwp%2Fv2%2Fproduct_brand&post=340"},{"taxonomy":"product_cat","embeddable":true,"href":"https:\/\/bebidasinn.com\/index.php?rest_route=%2Fwp%2Fv2%2Fproduct_cat&post=340"},{"taxonomy":"product_tag","embeddable":true,"href":"https:\/\/bebidasinn.com\/index.php?rest_route=%2Fwp%2Fv2%2Fproduct_tag&post=340"}],"curies":[{"name":"wp","href":"https:\/\/api.w.org\/{rel}","templated":true}]}}