{"id":3228,"date":"2026-03-27T17:29:07","date_gmt":"2026-03-27T16:29:07","guid":{"rendered":"https:\/\/bebidasinn.com\/?post_type=product&#038;p=3228"},"modified":"2026-03-27T17:37:52","modified_gmt":"2026-03-27T16:37:52","slug":"hidratante-maracuya-600-ml","status":"publish","type":"product","link":"https:\/\/bebidasinn.com\/?product=hidratante-maracuya-600-ml","title":{"rendered":"Hidratante MARACUY\u00c1 600 ml"},"content":{"rendered":"<p><strong>INGREDIENTES<\/strong><\/p>\n<p>Agua, az\u00facar, mezcla para bebidas hidratantes<br \/>\n(acidulante (\u00e1cido c\u00edtrico), dextrosa, citrato de sodio, citrato de<br \/>\npotasio, cloruro de sodio) sabor natural (c\u00edtricos), conservantes<br \/>\n(sorbato de potasio, benzoato de sodio) edulcorantes artificiales<br \/>\n(sucralosa, acesulfame k), sabor artificial (maracuy\u00e1), colorantes<br \/>\nartificiales (amarillo N\u00b05 E-102, amarillo N\u00b06 E-110). \u2018<strong>CONTIENE<\/strong><br \/>\n<strong>TARTRAZINA\u2019<\/strong><\/p>\n<p>&nbsp;<\/p>\n<h4>Informaci\u00f3n Nutricional<\/h4>\n<p>Tama\u00f1o de porci\u00f3n: 1 vaso (200 mL)<br \/>\nN\u00famero de porciones por envases: 3<\/p>\n<table width=\"314\">\n<tbody>\n<tr>\n<td width=\"154\">Calor\u00edas (Kcal)<\/td>\n<td width=\"80\">Por 100mL<\/td>\n<td width=\"80\">Por Porci\u00f3n<\/td>\n<\/tr>\n<tr>\n<td>Calor\u00edas<\/td>\n<td>21<\/td>\n<td>42<\/td>\n<\/tr>\n<tr>\n<td>Grasa Total<\/td>\n<td>0 g<\/td>\n<td>0 g<\/td>\n<\/tr>\n<tr>\n<td>Carbohidratos Totales<\/td>\n<td>4,7 g<\/td>\n<td>9,4 g<\/td>\n<\/tr>\n<tr>\n<td>Az\u00facares Totales<\/td>\n<td>4,7 g<\/td>\n<td>9,3 g<\/td>\n<\/tr>\n<tr>\n<td>AZUCARES A\u00d1ADIDOS<\/td>\n<td>4,5 g<\/td>\n<td>9,0 g<\/td>\n<\/tr>\n<tr>\n<td>Sodio<\/td>\n<td>24 mg<\/td>\n<td>49 mg<\/td>\n<\/tr>\n<\/tbody>\n<\/table>\n<p>Osmolaridad 246 mOsm\/L, Carbohidratos expresados como glucosa 5%, Sodio 13 meq\/L, Cloruros 11 meq\/L, Potasio 4,5 meq\/L. No es fuente significativa de Grasa saturada, Grasa trans, Prote\u00edna, Vitamina D, Hierro, calcio, Zinc, Vitamina A y Fibra.<\/p>\n<p><strong>Reg. Sanitario:<\/strong> RSA-0028623-2023<\/p>\n","protected":false},"excerpt":{"rendered":"<p>12 unidades \u2013 $1900 valor por unidad<\/p>\n<p><strong>Bebida hidratante energ\u00e9tica para deportistas sabor maracuy\u00e1<\/strong><\/p>\n<p>Entrena, suda, hidr\u00e1tate. Nuestro Hidratante sabor Maracuy\u00e1 te acompa\u00f1a en cada esfuerzo. Haz una pausa inteligente y sigue adelante con INN.<\/p>\n","protected":false},"featured_media":3229,"comment_status":"open","ping_status":"closed","template":"","meta":[],"product_brand":[],"product_cat":[24,27],"product_tag":[],"class_list":{"0":"post-3228","1":"product","2":"type-product","3":"status-publish","4":"has-post-thumbnail","6":"product_cat-hidratantes","7":"product_cat-tienda","9":"first","10":"instock","11":"featured","12":"shipping-taxable","13":"purchasable","14":"product-type-simple"},"_links":{"self":[{"href":"https:\/\/bebidasinn.com\/index.php?rest_route=\/wp\/v2\/product\/3228","targetHints":{"allow":["GET"]}}],"collection":[{"href":"https:\/\/bebidasinn.com\/index.php?rest_route=\/wp\/v2\/product"}],"about":[{"href":"https:\/\/bebidasinn.com\/index.php?rest_route=\/wp\/v2\/types\/product"}],"replies":[{"embeddable":true,"href":"https:\/\/bebidasinn.com\/index.php?rest_route=%2Fwp%2Fv2%2Fcomments&post=3228"}],"wp:featuredmedia":[{"embeddable":true,"href":"https:\/\/bebidasinn.com\/index.php?rest_route=\/wp\/v2\/media\/3229"}],"wp:attachment":[{"href":"https:\/\/bebidasinn.com\/index.php?rest_route=%2Fwp%2Fv2%2Fmedia&parent=3228"}],"wp:term":[{"taxonomy":"product_brand","embeddable":true,"href":"https:\/\/bebidasinn.com\/index.php?rest_route=%2Fwp%2Fv2%2Fproduct_brand&post=3228"},{"taxonomy":"product_cat","embeddable":true,"href":"https:\/\/bebidasinn.com\/index.php?rest_route=%2Fwp%2Fv2%2Fproduct_cat&post=3228"},{"taxonomy":"product_tag","embeddable":true,"href":"https:\/\/bebidasinn.com\/index.php?rest_route=%2Fwp%2Fv2%2Fproduct_tag&post=3228"}],"curies":[{"name":"wp","href":"https:\/\/api.w.org\/{rel}","templated":true}]}}