{"id":2876,"date":"2025-12-13T23:00:34","date_gmt":"2025-12-13T22:00:34","guid":{"rendered":"https:\/\/bebidasinn.com\/?post_type=product&#038;p=2876"},"modified":"2026-03-26T19:57:39","modified_gmt":"2026-03-26T18:57:39","slug":"hidratante-uva-600-ml","status":"publish","type":"product","link":"https:\/\/bebidasinn.com\/?product=hidratante-uva-600-ml","title":{"rendered":"Hidratante UVA 600 ml"},"content":{"rendered":"<h4>Ingredientes<\/h4>\n<p>Agua, az\u00facar, mezcla para bebidas hidratantes (acidulante (\u00e1cido c\u00edtrico), dextrosa, regulador de acidez (citrato de sodio), cloruro de potasio, cloruro de sodio), sabor natural, sabor natural a uva, conservantes (sorbato de potasio y benzoato de sodio), colorantes artificiales (rojo azorrubina E-122, azul brillante E-133).<\/p>\n<p>&nbsp;<\/p>\n<h4>Informaci\u00f3n Nutricional<\/h4>\n<p>Tama\u00f1o de porci\u00f3n: 1 vaso (200 mL)<br \/>\nN\u00famero de porciones por envases: 3<\/p>\n<table width=\"314\">\n<tbody>\n<tr>\n<td width=\"154\">Calor\u00edas (Kcal)<\/td>\n<td width=\"80\">Por 100mL<\/td>\n<td width=\"80\">Por Porci\u00f3n<\/td>\n<\/tr>\n<tr>\n<td>Calor\u00edas<\/td>\n<td>21<\/td>\n<td>42<\/td>\n<\/tr>\n<tr>\n<td>Grasa Total<\/td>\n<td>0 g<\/td>\n<td>0 g<\/td>\n<\/tr>\n<tr>\n<td>Carbohidratos Totales<\/td>\n<td>4,7 g<\/td>\n<td>9,4 g<\/td>\n<\/tr>\n<tr>\n<td>Az\u00facares Totales<\/td>\n<td>4,7 g<\/td>\n<td>9,3 g<\/td>\n<\/tr>\n<tr>\n<td>AZUCARES A\u00d1ADIDOS<\/td>\n<td>4,5 g<\/td>\n<td>9,0 g<\/td>\n<\/tr>\n<tr>\n<td>Sodio<\/td>\n<td>24 mg<\/td>\n<td>49 mg<\/td>\n<\/tr>\n<\/tbody>\n<\/table>\n<p>Osmolaridad 246 mOsm\/L, Carbohidratos expresados como glucosa 5%, Sodio 13 meq\/L, Cloruros 11 meq\/L, Potasio 4,5 meq\/L. No es fuente significativa de Grasa saturada, Grasa trans, Prote\u00edna, Vitamina D, Hierro, calcio, Zinc, Vitamina A y Fibra.<\/p>\n<p><strong>Reg. Sanitario:<\/strong> RSA-0028623-2023<\/p>\n","protected":false},"excerpt":{"rendered":"<p>12 unidades \u2013 $1900 valor por unidad<\/p>\n<p><strong>Bebida hidratante energ\u00e9tica para deportistas sabor uva<\/strong><\/p>\n<p>Entrena, suda, hidr\u00e1tate. Nuestro Hidratante sabor Uva te acompa\u00f1a en cada esfuerzo. Haz una pausa inteligente y sigue adelante con INN.<\/p>\n","protected":false},"featured_media":3077,"comment_status":"open","ping_status":"closed","template":"","meta":[],"product_brand":[],"product_cat":[24,27],"product_tag":[],"class_list":{"0":"post-2876","1":"product","2":"type-product","3":"status-publish","4":"has-post-thumbnail","6":"product_cat-hidratantes","7":"product_cat-tienda","9":"first","10":"instock","11":"shipping-taxable","12":"purchasable","13":"product-type-simple"},"_links":{"self":[{"href":"https:\/\/bebidasinn.com\/index.php?rest_route=\/wp\/v2\/product\/2876","targetHints":{"allow":["GET"]}}],"collection":[{"href":"https:\/\/bebidasinn.com\/index.php?rest_route=\/wp\/v2\/product"}],"about":[{"href":"https:\/\/bebidasinn.com\/index.php?rest_route=\/wp\/v2\/types\/product"}],"replies":[{"embeddable":true,"href":"https:\/\/bebidasinn.com\/index.php?rest_route=%2Fwp%2Fv2%2Fcomments&post=2876"}],"wp:featuredmedia":[{"embeddable":true,"href":"https:\/\/bebidasinn.com\/index.php?rest_route=\/wp\/v2\/media\/3077"}],"wp:attachment":[{"href":"https:\/\/bebidasinn.com\/index.php?rest_route=%2Fwp%2Fv2%2Fmedia&parent=2876"}],"wp:term":[{"taxonomy":"product_brand","embeddable":true,"href":"https:\/\/bebidasinn.com\/index.php?rest_route=%2Fwp%2Fv2%2Fproduct_brand&post=2876"},{"taxonomy":"product_cat","embeddable":true,"href":"https:\/\/bebidasinn.com\/index.php?rest_route=%2Fwp%2Fv2%2Fproduct_cat&post=2876"},{"taxonomy":"product_tag","embeddable":true,"href":"https:\/\/bebidasinn.com\/index.php?rest_route=%2Fwp%2Fv2%2Fproduct_tag&post=2876"}],"curies":[{"name":"wp","href":"https:\/\/api.w.org\/{rel}","templated":true}]}}