{"id":286,"date":"2023-06-21T17:05:34","date_gmt":"2023-06-21T15:05:34","guid":{"rendered":"https:\/\/bebidasinn.makesystems.com.co\/?post_type=product&#038;p=286"},"modified":"2026-03-27T16:15:16","modified_gmt":"2026-03-27T15:15:16","slug":"agua-potable-tratada-con-gas-x-600-ml","status":"publish","type":"product","link":"https:\/\/bebidasinn.com\/?product=agua-potable-tratada-con-gas-x-600-ml","title":{"rendered":"Agua Con Gas 600 ml"},"content":{"rendered":"<p><strong>INGREDIENTES:<\/strong> Agua, potable tratada con<br \/>\ngas.<\/p>\n<p><strong>Reg. Sanitario:<\/strong> RSA-0023338-2023<\/p>\n","protected":false},"excerpt":{"rendered":"<p>12 unidades \u2013 $900 valor por unidad<\/p>\n<p><strong>Agua Potable Tratada con Gas<\/strong><\/p>\n<p>S\u00e9 vers\u00e1til como nuestra Agua con Gas INN. Te refresca en cualquier momento y te sirve para acompa\u00f1ar c\u00f3cteles, licores u otras bebidas. \u00a1No te quedes con las ganas!<\/p>\n","protected":false},"featured_media":3076,"comment_status":"open","ping_status":"closed","template":"","meta":[],"product_brand":[],"product_cat":[20,27],"product_tag":[],"class_list":{"0":"post-286","1":"product","2":"type-product","3":"status-publish","4":"has-post-thumbnail","6":"product_cat-aguas","7":"product_cat-tienda","9":"first","10":"instock","11":"shipping-taxable","12":"purchasable","13":"product-type-simple"},"_links":{"self":[{"href":"https:\/\/bebidasinn.com\/index.php?rest_route=\/wp\/v2\/product\/286","targetHints":{"allow":["GET"]}}],"collection":[{"href":"https:\/\/bebidasinn.com\/index.php?rest_route=\/wp\/v2\/product"}],"about":[{"href":"https:\/\/bebidasinn.com\/index.php?rest_route=\/wp\/v2\/types\/product"}],"replies":[{"embeddable":true,"href":"https:\/\/bebidasinn.com\/index.php?rest_route=%2Fwp%2Fv2%2Fcomments&post=286"}],"wp:featuredmedia":[{"embeddable":true,"href":"https:\/\/bebidasinn.com\/index.php?rest_route=\/wp\/v2\/media\/3076"}],"wp:attachment":[{"href":"https:\/\/bebidasinn.com\/index.php?rest_route=%2Fwp%2Fv2%2Fmedia&parent=286"}],"wp:term":[{"taxonomy":"product_brand","embeddable":true,"href":"https:\/\/bebidasinn.com\/index.php?rest_route=%2Fwp%2Fv2%2Fproduct_brand&post=286"},{"taxonomy":"product_cat","embeddable":true,"href":"https:\/\/bebidasinn.com\/index.php?rest_route=%2Fwp%2Fv2%2Fproduct_cat&post=286"},{"taxonomy":"product_tag","embeddable":true,"href":"https:\/\/bebidasinn.com\/index.php?rest_route=%2Fwp%2Fv2%2Fproduct_tag&post=286"}],"curies":[{"name":"wp","href":"https:\/\/api.w.org\/{rel}","templated":true}]}}