{"id":280,"date":"2023-06-21T16:58:40","date_gmt":"2023-06-21T14:58:40","guid":{"rendered":"https:\/\/bebidasinn.makesystems.com.co\/?post_type=product&#038;p=280"},"modified":"2026-03-27T16:16:34","modified_gmt":"2026-03-27T15:16:34","slug":"agua-carbonatada-saborizada-lima-limon-x-600-ml","status":"publish","type":"product","link":"https:\/\/bebidasinn.com\/?product=agua-carbonatada-saborizada-lima-limon-x-600-ml","title":{"rendered":"Agua Saborizada Lima Lim\u00f3n 600 ml"},"content":{"rendered":"<h4><img loading=\"lazy\" decoding=\"async\" class=\"alignnone size-full wp-image-2028\" src=\"http:\/\/18.214.71.244\/~bebidasinn\/wp-content\/uploads\/2023\/06\/Sin-titulo-1.png\" alt=\"\" width=\"196\" height=\"196\" srcset=\"https:\/\/bebidasinn.com\/wp-content\/uploads\/2023\/06\/Sin-titulo-1.png 196w, https:\/\/bebidasinn.com\/wp-content\/uploads\/2023\/06\/Sin-titulo-1-150x150.png 150w, https:\/\/bebidasinn.com\/wp-content\/uploads\/2023\/06\/Sin-titulo-1-100x100.png 100w, https:\/\/bebidasinn.com\/wp-content\/uploads\/2023\/06\/Sin-titulo-1-64x64.png 64w\" sizes=\"auto, (max-width: 196px) 100vw, 196px\" \/><\/h4>\n<h4>Ingredientes<\/h4>\n<p>Agua carbonatada, acidulante (\u00e1cido c\u00edtrico), sabor natural lim\u00f3n, regulador de acidez (citrato de sodio), edulcorantes artificiales (sucralosa y acesulfame K), sabor natural lima, conservante (benzoato de sodio), regulador de acidez (\u00e1cido m\u00e1lico).<\/p>\n<h4>Informaci\u00f3n Nutricional<\/h4>\n<table width=\"314\">\n<tbody>\n<tr>\n<td width=\"154\">Calor\u00edas (Kcal)<\/td>\n<td width=\"80\">Por 100mL<\/td>\n<td width=\"80\">Por Porci\u00f3n<\/td>\n<\/tr>\n<tr>\n<td><\/td>\n<td>0<\/td>\n<td>0<\/td>\n<\/tr>\n<tr>\n<td>Grasa Total<\/td>\n<td>0 g<\/td>\n<td>0 g<\/td>\n<\/tr>\n<tr>\n<td>Carbohidratos Totales<\/td>\n<td>0 g<\/td>\n<td>0g<\/td>\n<\/tr>\n<tr>\n<td>Az\u00facares Totales<\/td>\n<td>0 g<\/td>\n<td>0 g<\/td>\n<\/tr>\n<tr>\n<td>AZUCARES A\u00d1ADIDOS<\/td>\n<td>0 g<\/td>\n<td>0 g<\/td>\n<\/tr>\n<tr>\n<td>Sodio<\/td>\n<td>17 mg<\/td>\n<td>33 mg<\/td>\n<\/tr>\n<\/tbody>\n<\/table>\n<p>No es una fuente significativa de Grasa Saturada, Grasa Trans, Prote\u00edna, Vitamina D, Hierro, Calcio, Zinc, Vitamina A, y Fibra.<\/p>\n<p>Reg. Sanitario: RSA-0012283-2021<\/p>\n","protected":false},"excerpt":{"rendered":"<p>12 unidades \u2013 $1600 valor por unidad<\/p>\n<p><strong>Refresco a base de agua carbonatada saborizada Lima lim\u00f3n<\/strong><\/p>\n<p>Lo c\u00edtrico combina con todo. Nuestra Agua Saborizada Lima \u2013 Lim\u00f3n convierte tus d\u00edas en experiencias inolvidables.<\/p>\n","protected":false},"featured_media":2567,"comment_status":"open","ping_status":"closed","template":"","meta":[],"product_brand":[],"product_cat":[20,27],"product_tag":[],"class_list":{"0":"post-280","1":"product","2":"type-product","3":"status-publish","4":"has-post-thumbnail","6":"product_cat-aguas","7":"product_cat-tienda","9":"first","10":"instock","11":"shipping-taxable","12":"purchasable","13":"product-type-simple"},"_links":{"self":[{"href":"https:\/\/bebidasinn.com\/index.php?rest_route=\/wp\/v2\/product\/280","targetHints":{"allow":["GET"]}}],"collection":[{"href":"https:\/\/bebidasinn.com\/index.php?rest_route=\/wp\/v2\/product"}],"about":[{"href":"https:\/\/bebidasinn.com\/index.php?rest_route=\/wp\/v2\/types\/product"}],"replies":[{"embeddable":true,"href":"https:\/\/bebidasinn.com\/index.php?rest_route=%2Fwp%2Fv2%2Fcomments&post=280"}],"wp:featuredmedia":[{"embeddable":true,"href":"https:\/\/bebidasinn.com\/index.php?rest_route=\/wp\/v2\/media\/2567"}],"wp:attachment":[{"href":"https:\/\/bebidasinn.com\/index.php?rest_route=%2Fwp%2Fv2%2Fmedia&parent=280"}],"wp:term":[{"taxonomy":"product_brand","embeddable":true,"href":"https:\/\/bebidasinn.com\/index.php?rest_route=%2Fwp%2Fv2%2Fproduct_brand&post=280"},{"taxonomy":"product_cat","embeddable":true,"href":"https:\/\/bebidasinn.com\/index.php?rest_route=%2Fwp%2Fv2%2Fproduct_cat&post=280"},{"taxonomy":"product_tag","embeddable":true,"href":"https:\/\/bebidasinn.com\/index.php?rest_route=%2Fwp%2Fv2%2Fproduct_tag&post=280"}],"curies":[{"name":"wp","href":"https:\/\/api.w.org\/{rel}","templated":true}]}}