{"id":2542,"date":"2025-04-09T22:14:33","date_gmt":"2025-04-09T20:14:33","guid":{"rendered":"https:\/\/bebidasinn.com\/?post_type=product&#038;p=2542"},"modified":"2026-03-27T15:26:28","modified_gmt":"2026-03-27T14:26:28","slug":"agua-saborizada-manzana-600-ml","status":"publish","type":"product","link":"https:\/\/bebidasinn.com\/?product=agua-saborizada-manzana-600-ml","title":{"rendered":"Agua Saborizada Manzana 600 ml"},"content":{"rendered":"<p>INGREDIENTES: Agua carbonatada,<br \/>\nacidulantes (\u00e1cido c\u00edtrico, \u00e1cido m\u00e1lico),<br \/>\nsabor natural (manzana, miel), regulador<br \/>\nde acidez (citrato de sodio), edulcorantes<br \/>\nartificiales (sucralosa, acesulfame K),<br \/>\nconservante (benzoato de sodio),<br \/>\ncolorantes artificiales (caramelo E-150d,<br \/>\namarillo sunset E-110, rojo amaranto<br \/>\nE-123).<\/p>\n<p><strong>Reg. Sanitario:<\/strong> RSA-0012283-2021<\/p>\n","protected":false},"excerpt":{"rendered":"<p>12 unidades \u2013 $1600 valor por unidad<\/p>\n<p><strong>Refresco a base de agua carbonatada saborizada Manzana<\/strong><\/p>\n<p>Un sabor irresistible \u00abEsta si sabe a manzana\u00bb<\/p>\n","protected":false},"featured_media":3079,"comment_status":"open","ping_status":"closed","template":"","meta":[],"product_brand":[],"product_cat":[20],"product_tag":[],"class_list":{"0":"post-2542","1":"product","2":"type-product","3":"status-publish","4":"has-post-thumbnail","6":"product_cat-aguas","8":"first","9":"instock","10":"shipping-taxable","11":"purchasable","12":"product-type-simple"},"_links":{"self":[{"href":"https:\/\/bebidasinn.com\/index.php?rest_route=\/wp\/v2\/product\/2542","targetHints":{"allow":["GET"]}}],"collection":[{"href":"https:\/\/bebidasinn.com\/index.php?rest_route=\/wp\/v2\/product"}],"about":[{"href":"https:\/\/bebidasinn.com\/index.php?rest_route=\/wp\/v2\/types\/product"}],"replies":[{"embeddable":true,"href":"https:\/\/bebidasinn.com\/index.php?rest_route=%2Fwp%2Fv2%2Fcomments&post=2542"}],"wp:featuredmedia":[{"embeddable":true,"href":"https:\/\/bebidasinn.com\/index.php?rest_route=\/wp\/v2\/media\/3079"}],"wp:attachment":[{"href":"https:\/\/bebidasinn.com\/index.php?rest_route=%2Fwp%2Fv2%2Fmedia&parent=2542"}],"wp:term":[{"taxonomy":"product_brand","embeddable":true,"href":"https:\/\/bebidasinn.com\/index.php?rest_route=%2Fwp%2Fv2%2Fproduct_brand&post=2542"},{"taxonomy":"product_cat","embeddable":true,"href":"https:\/\/bebidasinn.com\/index.php?rest_route=%2Fwp%2Fv2%2Fproduct_cat&post=2542"},{"taxonomy":"product_tag","embeddable":true,"href":"https:\/\/bebidasinn.com\/index.php?rest_route=%2Fwp%2Fv2%2Fproduct_tag&post=2542"}],"curies":[{"name":"wp","href":"https:\/\/api.w.org\/{rel}","templated":true}]}}