{"id":2533,"date":"2025-04-09T20:57:51","date_gmt":"2025-04-09T18:57:51","guid":{"rendered":"https:\/\/bebidasinn.com\/?post_type=product&#038;p=2533"},"modified":"2026-03-27T15:29:04","modified_gmt":"2026-03-27T14:29:04","slug":"agua-saborizada-1700-ml-2","status":"publish","type":"product","link":"https:\/\/bebidasinn.com\/?product=agua-saborizada-1700-ml-2","title":{"rendered":"Agua Saborizada Maracuy\u00e1 1700 ml"},"content":{"rendered":"<p>INGREDIENTES: Agua carbonatada, acidulante (\u00e1cido c\u00edtrico), regulador de<br \/>\nacidez (citrato de sodio, \u00e1cido m\u00e1lico), sabor natural (maracuy\u00e1, mango),<br \/>\nedulcorantes artificiales (sucralosa, acesulfame K), conservante (benzoato<br \/>\nde sodio).<\/p>\n<p><strong>Reg. Sanitario:<\/strong> RSA-0012283-2021<\/p>\n","protected":false},"excerpt":{"rendered":"<p><strong>Refresco a base de agua carbonatada saborizada maracuy\u00e1<\/strong><\/p>\n<p>8 unidades \u2013 $3600 valor por unidad<\/p>\n<p>Sorprende a tus amigos con un sabor extraordinario. Prueba La mezcla del agua con un toque fuerte de maracuy\u00e1 en nuestra agua saborizada. \u00a1Refr\u00e9scate!<\/p>\n","protected":false},"featured_media":3082,"comment_status":"open","ping_status":"closed","template":"","meta":[],"product_brand":[],"product_cat":[20],"product_tag":[],"class_list":{"0":"post-2533","1":"product","2":"type-product","3":"status-publish","4":"has-post-thumbnail","6":"product_cat-aguas","8":"first","9":"instock","10":"shipping-taxable","11":"purchasable","12":"product-type-simple"},"_links":{"self":[{"href":"https:\/\/bebidasinn.com\/index.php?rest_route=\/wp\/v2\/product\/2533","targetHints":{"allow":["GET"]}}],"collection":[{"href":"https:\/\/bebidasinn.com\/index.php?rest_route=\/wp\/v2\/product"}],"about":[{"href":"https:\/\/bebidasinn.com\/index.php?rest_route=\/wp\/v2\/types\/product"}],"replies":[{"embeddable":true,"href":"https:\/\/bebidasinn.com\/index.php?rest_route=%2Fwp%2Fv2%2Fcomments&post=2533"}],"wp:featuredmedia":[{"embeddable":true,"href":"https:\/\/bebidasinn.com\/index.php?rest_route=\/wp\/v2\/media\/3082"}],"wp:attachment":[{"href":"https:\/\/bebidasinn.com\/index.php?rest_route=%2Fwp%2Fv2%2Fmedia&parent=2533"}],"wp:term":[{"taxonomy":"product_brand","embeddable":true,"href":"https:\/\/bebidasinn.com\/index.php?rest_route=%2Fwp%2Fv2%2Fproduct_brand&post=2533"},{"taxonomy":"product_cat","embeddable":true,"href":"https:\/\/bebidasinn.com\/index.php?rest_route=%2Fwp%2Fv2%2Fproduct_cat&post=2533"},{"taxonomy":"product_tag","embeddable":true,"href":"https:\/\/bebidasinn.com\/index.php?rest_route=%2Fwp%2Fv2%2Fproduct_tag&post=2533"}],"curies":[{"name":"wp","href":"https:\/\/api.w.org\/{rel}","templated":true}]}}