{"id":2530,"date":"2025-04-09T20:54:46","date_gmt":"2025-04-09T18:54:46","guid":{"rendered":"https:\/\/bebidasinn.com\/?post_type=product&#038;p=2530"},"modified":"2026-03-27T15:32:04","modified_gmt":"2026-03-27T14:32:04","slug":"agua-saborizada-1700-ml","status":"publish","type":"product","link":"https:\/\/bebidasinn.com\/?product=agua-saborizada-1700-ml","title":{"rendered":"Agua Saborizada Lima-Lim\u00f3n 1700 ml"},"content":{"rendered":"<p>Agua carbonatada, acidulante (\u00e1cido c\u00edtrico), sabor<br \/>\nnatural lim\u00f3n, regulador de acidez (citrato de sodio), edulcorantes artificiales<br \/>\n(sucralosa y acesulfame K), sabor natural lima, conservante (benzoato de<br \/>\nsodio), regulador de acidez (\u00e1cido m\u00e1lico).<\/p>\n<p><strong>Reg. Sanitario:<\/strong> RSA-0012283-2021<\/p>\n","protected":false},"excerpt":{"rendered":"<p><strong>Refresco a base de agua carbonatada saborizada Lima lim\u00f3n<\/strong><\/p>\n<p>8 unidades \u2013 $3600 valor por unidad<\/p>\n<p>Lo c\u00edtrico combina con todo. Nuestra Agua Saborizada Lima \u2013 Lim\u00f3n convierte tus d\u00edas en experiencias inolvidables.<\/p>\n","protected":false},"featured_media":2583,"comment_status":"open","ping_status":"closed","template":"","meta":[],"product_brand":[],"product_cat":[20],"product_tag":[],"class_list":{"0":"post-2530","1":"product","2":"type-product","3":"status-publish","4":"has-post-thumbnail","6":"product_cat-aguas","8":"first","9":"instock","10":"shipping-taxable","11":"purchasable","12":"product-type-simple"},"_links":{"self":[{"href":"https:\/\/bebidasinn.com\/index.php?rest_route=\/wp\/v2\/product\/2530","targetHints":{"allow":["GET"]}}],"collection":[{"href":"https:\/\/bebidasinn.com\/index.php?rest_route=\/wp\/v2\/product"}],"about":[{"href":"https:\/\/bebidasinn.com\/index.php?rest_route=\/wp\/v2\/types\/product"}],"replies":[{"embeddable":true,"href":"https:\/\/bebidasinn.com\/index.php?rest_route=%2Fwp%2Fv2%2Fcomments&post=2530"}],"wp:featuredmedia":[{"embeddable":true,"href":"https:\/\/bebidasinn.com\/index.php?rest_route=\/wp\/v2\/media\/2583"}],"wp:attachment":[{"href":"https:\/\/bebidasinn.com\/index.php?rest_route=%2Fwp%2Fv2%2Fmedia&parent=2530"}],"wp:term":[{"taxonomy":"product_brand","embeddable":true,"href":"https:\/\/bebidasinn.com\/index.php?rest_route=%2Fwp%2Fv2%2Fproduct_brand&post=2530"},{"taxonomy":"product_cat","embeddable":true,"href":"https:\/\/bebidasinn.com\/index.php?rest_route=%2Fwp%2Fv2%2Fproduct_cat&post=2530"},{"taxonomy":"product_tag","embeddable":true,"href":"https:\/\/bebidasinn.com\/index.php?rest_route=%2Fwp%2Fv2%2Fproduct_tag&post=2530"}],"curies":[{"name":"wp","href":"https:\/\/api.w.org\/{rel}","templated":true}]}}