{"id":1709,"date":"2023-07-25T19:25:42","date_gmt":"2023-07-25T17:25:42","guid":{"rendered":"http:\/\/18.214.71.244\/~bebidasinn\/?post_type=product&#038;p=1709"},"modified":"2026-03-26T20:11:02","modified_gmt":"2026-03-26T19:11:02","slug":"bebida-gaseosa-ginger-x-400-ml","status":"publish","type":"product","link":"https:\/\/bebidasinn.com\/?product=bebida-gaseosa-ginger-x-400-ml","title":{"rendered":"Ginger 400 ml"},"content":{"rendered":"<h4><img loading=\"lazy\" decoding=\"async\" class=\"alignnone size-full wp-image-2028\" src=\"http:\/\/18.214.71.244\/~bebidasinn\/wp-content\/uploads\/2023\/06\/Sin-titulo-1.png\" alt=\"\" width=\"196\" height=\"196\" srcset=\"https:\/\/bebidasinn.com\/wp-content\/uploads\/2023\/06\/Sin-titulo-1.png 196w, https:\/\/bebidasinn.com\/wp-content\/uploads\/2023\/06\/Sin-titulo-1-150x150.png 150w, https:\/\/bebidasinn.com\/wp-content\/uploads\/2023\/06\/Sin-titulo-1-100x100.png 100w, https:\/\/bebidasinn.com\/wp-content\/uploads\/2023\/06\/Sin-titulo-1-64x64.png 64w\" sizes=\"auto, (max-width: 196px) 100vw, 196px\" \/><\/h4>\n<h4>Ingredientes<\/h4>\n<p>Agua carbonatada, acidulante (\u00e1cido c\u00edtrico), regulador de acidez (citrato de sodio), sabor natural jengibre, sabor natural lima lim\u00f3n, edulcorantes artificiales (aspartame, acesulfame K), conservante (benzoato de sodio), colorante (extracto de malta).<\/p>\n<p><strong>\u201cFENILCETON\u00daRICOS: CONTIENE FENILALANINA.\u201d<\/strong><\/p>\n<p><strong>Contenido Neto:<\/strong>\u00a0400 mL<\/p>\n<h4>Informaci\u00f3n Nutricional<\/h4>\n<p><strong>Informaci\u00f3n Nutricional:<\/strong> (100 mL): Calor\u00edas 0 Grasa total 0 g, Carbohidratos totales 0 g, Az\u00facares totales 0 g,<strong> Az\u00facares a\u00f1adidos 0g, Sodio 16 mg.<\/strong><\/p>\n<p><strong>Informaci\u00f3n nutricional<\/strong> (porci\u00f3n): <strong>tama\u00f1o de porci\u00f3n:<\/strong> 1 vaso<br \/>\n(200 mL) <strong>N\u00famero de porciones por envase:<\/strong> 2, <strong>Calor\u00edas 0<\/strong>, Grasa total 0 g, Carbohidratos totales 0 g, Az\u00facares totales 0 g, <strong>Az\u00facares a\u00f1adidos 0 g, Sodio 32 mg.<\/strong> No es una fuente significativa de Grasa Saturada, Grasa Trans, Fibra, Prote\u00edna, Vitamina A, Vitamina D, Hierro, Calcio y Zinc.<\/p>\n<p><strong>Reg. Sanitario:<\/strong> RSA-0023337-2023<\/p>\n","protected":false},"excerpt":{"rendered":"<p>12 unidades \u2013 $1.200 valor por unidad<\/p>\n<p><strong>Bebida gaseosa con sabor a Ginger<\/strong><\/p>\n<p>Refr\u00e9scate con nuestro sabor Ginger es dulce y c\u00edtrico combina con lo que sea, que no falte en tu mesa. Es ideal para preparar tus mejores cocteles<\/p>\n","protected":false},"featured_media":3088,"comment_status":"open","ping_status":"closed","template":"","meta":[],"product_brand":[],"product_cat":[23,27],"product_tag":[],"class_list":{"0":"post-1709","1":"product","2":"type-product","3":"status-publish","4":"has-post-thumbnail","6":"product_cat-gaseosas","7":"product_cat-tienda","9":"first","10":"instock","11":"shipping-taxable","12":"purchasable","13":"product-type-simple"},"_links":{"self":[{"href":"https:\/\/bebidasinn.com\/index.php?rest_route=\/wp\/v2\/product\/1709","targetHints":{"allow":["GET"]}}],"collection":[{"href":"https:\/\/bebidasinn.com\/index.php?rest_route=\/wp\/v2\/product"}],"about":[{"href":"https:\/\/bebidasinn.com\/index.php?rest_route=\/wp\/v2\/types\/product"}],"replies":[{"embeddable":true,"href":"https:\/\/bebidasinn.com\/index.php?rest_route=%2Fwp%2Fv2%2Fcomments&post=1709"}],"wp:featuredmedia":[{"embeddable":true,"href":"https:\/\/bebidasinn.com\/index.php?rest_route=\/wp\/v2\/media\/3088"}],"wp:attachment":[{"href":"https:\/\/bebidasinn.com\/index.php?rest_route=%2Fwp%2Fv2%2Fmedia&parent=1709"}],"wp:term":[{"taxonomy":"product_brand","embeddable":true,"href":"https:\/\/bebidasinn.com\/index.php?rest_route=%2Fwp%2Fv2%2Fproduct_brand&post=1709"},{"taxonomy":"product_cat","embeddable":true,"href":"https:\/\/bebidasinn.com\/index.php?rest_route=%2Fwp%2Fv2%2Fproduct_cat&post=1709"},{"taxonomy":"product_tag","embeddable":true,"href":"https:\/\/bebidasinn.com\/index.php?rest_route=%2Fwp%2Fv2%2Fproduct_tag&post=1709"}],"curies":[{"name":"wp","href":"https:\/\/api.w.org\/{rel}","templated":true}]}}