{"id":401,"date":"2023-06-21T17:47:04","date_gmt":"2023-06-21T15:47:04","guid":{"rendered":"https:\/\/bebidasinn.makesystems.com.co\/?page_id=401"},"modified":"2023-11-28T15:12:28","modified_gmt":"2023-11-28T14:12:28","slug":"quienes-somos","status":"publish","type":"page","link":"https:\/\/bebidasinn.com\/?page_id=401","title":{"rendered":"Qui\u00e9nes somos"},"content":{"rendered":"\t\t<div data-elementor-type=\"wp-page\" data-elementor-id=\"401\" class=\"elementor elementor-401\" data-elementor-post-type=\"page\">\n\t\t\t\t\t\t\t\t\t<section class=\"elementor-section elementor-top-section elementor-element elementor-element-41a6f99 elementor-section-boxed elementor-section-height-default elementor-section-height-default\" data-id=\"41a6f99\" data-element_type=\"section\">\n\t\t\t\t\t\t<div class=\"elementor-container elementor-column-gap-default\">\n\t\t\t\t\t<div class=\"elementor-column elementor-col-100 elementor-top-column elementor-element elementor-element-a6c53fe\" data-id=\"a6c53fe\" data-element_type=\"column\">\n\t\t\t<div class=\"elementor-widget-wrap elementor-element-populated\">\n\t\t\t\t\t\t\t\t<div class=\"elementor-element elementor-element-3b21cb2 elementor-widget elementor-widget-image\" data-id=\"3b21cb2\" data-element_type=\"widget\" data-widget_type=\"image.default\">\n\t\t\t\t<div class=\"elementor-widget-container\">\n\t\t\t<style>\/*! elementor - v3.15.0 - 20-08-2023 *\/\n.elementor-widget-image{text-align:center}.elementor-widget-image a{display:inline-block}.elementor-widget-image a img[src$=\".svg\"]{width:48px}.elementor-widget-image img{vertical-align:middle;display:inline-block}<\/style>\t\t\t\t\t\t\t\t\t\t\t\t<img loading=\"lazy\" decoding=\"async\" width=\"1650\" height=\"1275\" src=\"https:\/\/bebidasinn.com\/wp-content\/uploads\/2023\/06\/LOGO-RTD-AZUL.jpeg\" class=\"attachment-full size-full wp-image-404\" alt=\"\" srcset=\"https:\/\/bebidasinn.com\/wp-content\/uploads\/2023\/06\/LOGO-RTD-AZUL.jpeg 1650w, https:\/\/bebidasinn.com\/wp-content\/uploads\/2023\/06\/LOGO-RTD-AZUL-300x232.jpeg 300w, https:\/\/bebidasinn.com\/wp-content\/uploads\/2023\/06\/LOGO-RTD-AZUL-1024x791.jpeg 1024w, https:\/\/bebidasinn.com\/wp-content\/uploads\/2023\/06\/LOGO-RTD-AZUL-768x593.jpeg 768w, https:\/\/bebidasinn.com\/wp-content\/uploads\/2023\/06\/LOGO-RTD-AZUL-1536x1187.jpeg 1536w, https:\/\/bebidasinn.com\/wp-content\/uploads\/2023\/06\/LOGO-RTD-AZUL-600x464.jpeg 600w\" sizes=\"auto, (max-width: 1650px) 100vw, 1650px\" \/>\t\t\t\t\t\t\t\t\t\t\t\t\t\t\t<\/div>\n\t\t\t\t<\/div>\n\t\t\t\t\t<\/div>\n\t\t<\/div>\n\t\t\t\t\t\t\t<\/div>\n\t\t<\/section>\n\t\t\t\t<section class=\"elementor-section elementor-top-section elementor-element elementor-element-d9e422c elementor-section-boxed elementor-section-height-default elementor-section-height-default\" data-id=\"d9e422c\" data-element_type=\"section\">\n\t\t\t\t\t\t<div class=\"elementor-container elementor-column-gap-default\">\n\t\t\t\t\t<div class=\"elementor-column elementor-col-50 elementor-top-column elementor-element elementor-element-482673e\" data-id=\"482673e\" data-element_type=\"column\">\n\t\t\t<div class=\"elementor-widget-wrap elementor-element-populated\">\n\t\t\t\t\t\t\t\t<div class=\"elementor-element elementor-element-d88b219 elementor-widget elementor-widget-heading\" data-id=\"d88b219\" data-element_type=\"widget\" data-widget_type=\"heading.default\">\n\t\t\t\t<div class=\"elementor-widget-container\">\n\t\t\t<style>\/*! elementor - v3.15.0 - 20-08-2023 *\/\n.elementor-heading-title{padding:0;margin:0;line-height:1}.elementor-widget-heading .elementor-heading-title[class*=elementor-size-]>a{color:inherit;font-size:inherit;line-height:inherit}.elementor-widget-heading .elementor-heading-title.elementor-size-small{font-size:15px}.elementor-widget-heading .elementor-heading-title.elementor-size-medium{font-size:19px}.elementor-widget-heading .elementor-heading-title.elementor-size-large{font-size:29px}.elementor-widget-heading .elementor-heading-title.elementor-size-xl{font-size:39px}.elementor-widget-heading .elementor-heading-title.elementor-size-xxl{font-size:59px}<\/style><h2 class=\"elementor-heading-title elementor-size-default\">Somos una compa\u00f1\u00eda colombiana dedicada a la producci\u00f3n y comercializaci\u00f3n de bebidas no alcoh\u00f3licas en todo el pa\u00eds.<\/h2>\t\t<\/div>\n\t\t\t\t<\/div>\n\t\t\t\t\t<\/div>\n\t\t<\/div>\n\t\t\t\t<div class=\"elementor-column elementor-col-50 elementor-top-column elementor-element elementor-element-9eff0aa\" data-id=\"9eff0aa\" data-element_type=\"column\">\n\t\t\t<div class=\"elementor-widget-wrap elementor-element-populated\">\n\t\t\t\t\t\t\t\t<div class=\"elementor-element elementor-element-f8297cb elementor-widget elementor-widget-image\" data-id=\"f8297cb\" data-element_type=\"widget\" data-widget_type=\"image.default\">\n\t\t\t\t<div class=\"elementor-widget-container\">\n\t\t\t\t\t\t\t\t\t\t\t\t\t\t\t<img loading=\"lazy\" decoding=\"async\" width=\"800\" height=\"600\" src=\"https:\/\/bebidasinn.com\/wp-content\/uploads\/2023\/06\/imagenes-de-quienes-somos-03-1-1.jpeg\" class=\"attachment-full size-full wp-image-413\" alt=\"\" srcset=\"https:\/\/bebidasinn.com\/wp-content\/uploads\/2023\/06\/imagenes-de-quienes-somos-03-1-1.jpeg 800w, https:\/\/bebidasinn.com\/wp-content\/uploads\/2023\/06\/imagenes-de-quienes-somos-03-1-1-300x225.jpeg 300w, https:\/\/bebidasinn.com\/wp-content\/uploads\/2023\/06\/imagenes-de-quienes-somos-03-1-1-768x576.jpeg 768w, https:\/\/bebidasinn.com\/wp-content\/uploads\/2023\/06\/imagenes-de-quienes-somos-03-1-1-600x450.jpeg 600w\" sizes=\"auto, (max-width: 800px) 100vw, 800px\" \/>\t\t\t\t\t\t\t\t\t\t\t\t\t\t\t<\/div>\n\t\t\t\t<\/div>\n\t\t\t\t\t<\/div>\n\t\t<\/div>\n\t\t\t\t\t\t\t<\/div>\n\t\t<\/section>\n\t\t\t\t<section class=\"elementor-section elementor-top-section elementor-element elementor-element-e34a329 elementor-section-boxed elementor-section-height-default elementor-section-height-default\" data-id=\"e34a329\" data-element_type=\"section\">\n\t\t\t\t\t\t<div class=\"elementor-container elementor-column-gap-default\">\n\t\t\t\t\t<div class=\"elementor-column elementor-col-50 elementor-top-column elementor-element elementor-element-5c672b0\" data-id=\"5c672b0\" data-element_type=\"column\">\n\t\t\t<div class=\"elementor-widget-wrap elementor-element-populated\">\n\t\t\t\t\t\t\t\t<div class=\"elementor-element elementor-element-3b4282d elementor-widget elementor-widget-text-editor\" data-id=\"3b4282d\" data-element_type=\"widget\" data-widget_type=\"text-editor.default\">\n\t\t\t\t<div class=\"elementor-widget-container\">\n\t\t\t<style>\/*! elementor - v3.15.0 - 20-08-2023 *\/\n.elementor-widget-text-editor.elementor-drop-cap-view-stacked .elementor-drop-cap{background-color:#69727d;color:#fff}.elementor-widget-text-editor.elementor-drop-cap-view-framed .elementor-drop-cap{color:#69727d;border:3px solid;background-color:transparent}.elementor-widget-text-editor:not(.elementor-drop-cap-view-default) .elementor-drop-cap{margin-top:8px}.elementor-widget-text-editor:not(.elementor-drop-cap-view-default) .elementor-drop-cap-letter{width:1em;height:1em}.elementor-widget-text-editor .elementor-drop-cap{float:left;text-align:center;line-height:1;font-size:50px}.elementor-widget-text-editor .elementor-drop-cap-letter{display:inline-block}<\/style>\t\t\t\t<p>Reunimos al mejor talento para embotellar alegr\u00eda, fabricando y distribuyendo bebidas que cumplan con las necesidades de nuestros clientes y las expectativas de nuestros accionistas.<\/p>\t\t\t\t\t\t<\/div>\n\t\t\t\t<\/div>\n\t\t\t\t<div class=\"elementor-element elementor-element-3e7049c elementor-widget elementor-widget-image\" data-id=\"3e7049c\" data-element_type=\"widget\" data-widget_type=\"image.default\">\n\t\t\t\t<div class=\"elementor-widget-container\">\n\t\t\t\t\t\t\t\t\t\t\t\t\t\t\t<img loading=\"lazy\" decoding=\"async\" width=\"800\" height=\"600\" src=\"https:\/\/bebidasinn.com\/wp-content\/uploads\/2023\/06\/imagenes-de-quienes-somos_Mesa-de-trabajo-1-1.jpeg\" class=\"attachment-full size-full wp-image-419\" alt=\"\" srcset=\"https:\/\/bebidasinn.com\/wp-content\/uploads\/2023\/06\/imagenes-de-quienes-somos_Mesa-de-trabajo-1-1.jpeg 800w, https:\/\/bebidasinn.com\/wp-content\/uploads\/2023\/06\/imagenes-de-quienes-somos_Mesa-de-trabajo-1-1-300x225.jpeg 300w, https:\/\/bebidasinn.com\/wp-content\/uploads\/2023\/06\/imagenes-de-quienes-somos_Mesa-de-trabajo-1-1-768x576.jpeg 768w, https:\/\/bebidasinn.com\/wp-content\/uploads\/2023\/06\/imagenes-de-quienes-somos_Mesa-de-trabajo-1-1-600x450.jpeg 600w\" sizes=\"auto, (max-width: 800px) 100vw, 800px\" \/>\t\t\t\t\t\t\t\t\t\t\t\t\t\t\t<\/div>\n\t\t\t\t<\/div>\n\t\t\t\t\t<\/div>\n\t\t<\/div>\n\t\t\t\t<div class=\"elementor-column elementor-col-50 elementor-top-column elementor-element elementor-element-83e6d96\" data-id=\"83e6d96\" data-element_type=\"column\">\n\t\t\t<div class=\"elementor-widget-wrap elementor-element-populated\">\n\t\t\t\t\t\t\t\t<div class=\"elementor-element elementor-element-ff924c2 elementor-widget elementor-widget-image\" data-id=\"ff924c2\" data-element_type=\"widget\" data-widget_type=\"image.default\">\n\t\t\t\t<div class=\"elementor-widget-container\">\n\t\t\t\t\t\t\t\t\t\t\t\t\t\t\t<img loading=\"lazy\" decoding=\"async\" width=\"800\" height=\"600\" src=\"https:\/\/bebidasinn.com\/wp-content\/uploads\/2023\/06\/imagenes-de-quienes-somos-02-1.jpeg\" class=\"attachment-full size-full wp-image-420\" alt=\"\" srcset=\"https:\/\/bebidasinn.com\/wp-content\/uploads\/2023\/06\/imagenes-de-quienes-somos-02-1.jpeg 800w, https:\/\/bebidasinn.com\/wp-content\/uploads\/2023\/06\/imagenes-de-quienes-somos-02-1-300x225.jpeg 300w, https:\/\/bebidasinn.com\/wp-content\/uploads\/2023\/06\/imagenes-de-quienes-somos-02-1-768x576.jpeg 768w, https:\/\/bebidasinn.com\/wp-content\/uploads\/2023\/06\/imagenes-de-quienes-somos-02-1-600x450.jpeg 600w\" sizes=\"auto, (max-width: 800px) 100vw, 800px\" \/>\t\t\t\t\t\t\t\t\t\t\t\t\t\t\t<\/div>\n\t\t\t\t<\/div>\n\t\t\t\t<div class=\"elementor-element elementor-element-f87fbb9 elementor-widget elementor-widget-text-editor\" data-id=\"f87fbb9\" data-element_type=\"widget\" data-widget_type=\"text-editor.default\">\n\t\t\t\t<div class=\"elementor-widget-container\">\n\t\t\t\t\t\t\t<p>Dentro de las categor\u00edas tenemos: gaseosas, agua envasada con y sin gas, hidratantes y energizantes.<\/p>\t\t\t\t\t\t<\/div>\n\t\t\t\t<\/div>\n\t\t\t\t\t<\/div>\n\t\t<\/div>\n\t\t\t\t\t\t\t<\/div>\n\t\t<\/section>\n\t\t\t\t<section class=\"elementor-section elementor-top-section elementor-element elementor-element-67b9955 elementor-section-boxed elementor-section-height-default elementor-section-height-default\" data-id=\"67b9955\" data-element_type=\"section\" data-settings=\"{&quot;background_background&quot;:&quot;classic&quot;}\">\n\t\t\t\t\t\t<div class=\"elementor-container elementor-column-gap-default\">\n\t\t\t\t\t<div class=\"elementor-column elementor-col-100 elementor-top-column elementor-element elementor-element-9cb2752\" data-id=\"9cb2752\" data-element_type=\"column\">\n\t\t\t<div class=\"elementor-widget-wrap elementor-element-populated\">\n\t\t\t\t\t\t\t\t<div class=\"elementor-element elementor-element-f028801 elementor-widget elementor-widget-heading\" data-id=\"f028801\" data-element_type=\"widget\" data-widget_type=\"heading.default\">\n\t\t\t\t<div class=\"elementor-widget-container\">\n\t\t\t<h2 class=\"elementor-heading-title elementor-size-default\">Nuestros Clientes<\/h2>\t\t<\/div>\n\t\t\t\t<\/div>\n\t\t\t\t\t<\/div>\n\t\t<\/div>\n\t\t\t\t\t\t\t<\/div>\n\t\t<\/section>\n\t\t\t\t<section class=\"elementor-section elementor-top-section elementor-element elementor-element-205a71f elementor-section-boxed elementor-section-height-default elementor-section-height-default\" data-id=\"205a71f\" data-element_type=\"section\">\n\t\t\t\t\t\t<div class=\"elementor-container elementor-column-gap-default\">\n\t\t\t\t\t<div class=\"elementor-column elementor-col-100 elementor-top-column elementor-element elementor-element-1199c72\" data-id=\"1199c72\" data-element_type=\"column\">\n\t\t\t<div class=\"elementor-widget-wrap elementor-element-populated\">\n\t\t\t\t\t\t\t\t<div class=\"elementor-element elementor-element-ebacd18 elementor-widget elementor-widget-image-carousel\" data-id=\"ebacd18\" data-element_type=\"widget\" data-settings=\"{&quot;slides_to_show&quot;:&quot;5&quot;,&quot;slides_to_show_tablet&quot;:&quot;4&quot;,&quot;slides_to_show_mobile&quot;:&quot;2&quot;,&quot;navigation&quot;:&quot;none&quot;,&quot;lazyload&quot;:&quot;yes&quot;,&quot;image_spacing_custom&quot;:{&quot;unit&quot;:&quot;px&quot;,&quot;size&quot;:75,&quot;sizes&quot;:[]},&quot;image_spacing_custom_tablet&quot;:{&quot;unit&quot;:&quot;px&quot;,&quot;size&quot;:65,&quot;sizes&quot;:[]},&quot;image_spacing_custom_mobile&quot;:{&quot;unit&quot;:&quot;px&quot;,&quot;size&quot;:65,&quot;sizes&quot;:[]},&quot;autoplay&quot;:&quot;no&quot;,&quot;infinite&quot;:&quot;no&quot;,&quot;speed&quot;:500}\" data-widget_type=\"image-carousel.default\">\n\t\t\t\t<div class=\"elementor-widget-container\">\n\t\t\t<style>\/*! elementor - v3.15.0 - 20-08-2023 *\/\n.elementor-widget-image-carousel .swiper,.elementor-widget-image-carousel .swiper-container{position:static}.elementor-widget-image-carousel .swiper-container .swiper-slide figure,.elementor-widget-image-carousel .swiper .swiper-slide figure{line-height:inherit}.elementor-widget-image-carousel .swiper-slide{text-align:center}.elementor-image-carousel-wrapper:not(.swiper-container-initialized):not(.swiper-initialized) .swiper-slide{max-width:calc(100% \/ var(--e-image-carousel-slides-to-show, 3))}<\/style>\t\t<div class=\"elementor-image-carousel-wrapper swiper\" dir=\"ltr\">\n\t\t\t<div class=\"elementor-image-carousel swiper-wrapper\" aria-live=\"polite\">\n\t\t\t\t\t\t\t\t<div class=\"swiper-slide\" role=\"group\" aria-roledescription=\"slide\" aria-label=\"1 de 5\"><figure class=\"swiper-slide-inner\"><img class=\"swiper-slide-image swiper-lazy\" data-src=\"https:\/\/bebidasinn.com\/wp-content\/uploads\/2023\/11\/D2.jpg\" alt=\"D2\" \/><div class=\"swiper-lazy-preloader\"><\/div><\/figure><\/div><div class=\"swiper-slide\" role=\"group\" aria-roledescription=\"slide\" aria-label=\"2 de 5\"><figure class=\"swiper-slide-inner\"><img class=\"swiper-slide-image swiper-lazy\" data-src=\"https:\/\/bebidasinn.com\/wp-content\/uploads\/2023\/11\/ISIMO-300x150.png\" alt=\"ISIMO\" \/><div class=\"swiper-lazy-preloader\"><\/div><\/figure><\/div><div class=\"swiper-slide\" role=\"group\" aria-roledescription=\"slide\" aria-label=\"3 de 5\"><figure class=\"swiper-slide-inner\"><img class=\"swiper-slide-image swiper-lazy\" data-src=\"https:\/\/bebidasinn.com\/wp-content\/uploads\/2023\/06\/Jeronimo.png-300x97.jpg\" alt=\"Jeronimo.png\" \/><div class=\"swiper-lazy-preloader\"><\/div><\/figure><\/div><div class=\"swiper-slide\" role=\"group\" aria-roledescription=\"slide\" aria-label=\"4 de 5\"><figure class=\"swiper-slide-inner\"><img class=\"swiper-slide-image swiper-lazy\" data-src=\"https:\/\/bebidasinn.com\/wp-content\/uploads\/2023\/06\/tostao-300x122.png\" alt=\"tostao\" \/><div class=\"swiper-lazy-preloader\"><\/div><\/figure><\/div><div class=\"swiper-slide\" role=\"group\" aria-roledescription=\"slide\" aria-label=\"5 de 5\"><figure class=\"swiper-slide-inner\"><img class=\"swiper-slide-image swiper-lazy\" data-src=\"https:\/\/bebidasinn.com\/wp-content\/uploads\/2023\/11\/Altoque.png\" alt=\"Altoque\" \/><div class=\"swiper-lazy-preloader\"><\/div><\/figure><\/div>\t\t\t<\/div>\n\t\t\t\t\t\t\t\n\t\t\t\t\t\t\t\t\t<\/div>\n\t\t\t\t<\/div>\n\t\t\t\t<\/div>\n\t\t\t\t\t<\/div>\n\t\t<\/div>\n\t\t\t\t\t\t\t<\/div>\n\t\t<\/section>\n\t\t\t\t\t\t\t<\/div>\n\t\t","protected":false},"excerpt":{"rendered":"<p>Somos una compa\u00f1\u00eda colombiana dedicada a la producci\u00f3n y comercializaci\u00f3n de bebidas no alcoh\u00f3licas en todo el pa\u00eds. Reunimos al mejor talento para embotellar alegr\u00eda, fabricando y distribuyendo bebidas que cumplan con las necesidades de nuestros clientes y las expectativas de nuestros accionistas. Dentro de las categor\u00edas tenemos: gaseosas, agua envasada con y sin gas, [&hellip;]<\/p>\n","protected":false},"author":1,"featured_media":0,"parent":0,"menu_order":0,"comment_status":"closed","ping_status":"closed","template":"","meta":{"footnotes":""},"class_list":["post-401","page","type-page","status-publish","hentry"],"_links":{"self":[{"href":"https:\/\/bebidasinn.com\/index.php?rest_route=\/wp\/v2\/pages\/401","targetHints":{"allow":["GET"]}}],"collection":[{"href":"https:\/\/bebidasinn.com\/index.php?rest_route=\/wp\/v2\/pages"}],"about":[{"href":"https:\/\/bebidasinn.com\/index.php?rest_route=\/wp\/v2\/types\/page"}],"author":[{"embeddable":true,"href":"https:\/\/bebidasinn.com\/index.php?rest_route=\/wp\/v2\/users\/1"}],"replies":[{"embeddable":true,"href":"https:\/\/bebidasinn.com\/index.php?rest_route=%2Fwp%2Fv2%2Fcomments&post=401"}],"version-history":[{"count":43,"href":"https:\/\/bebidasinn.com\/index.php?rest_route=\/wp\/v2\/pages\/401\/revisions"}],"predecessor-version":[{"id":2053,"href":"https:\/\/bebidasinn.com\/index.php?rest_route=\/wp\/v2\/pages\/401\/revisions\/2053"}],"wp:attachment":[{"href":"https:\/\/bebidasinn.com\/index.php?rest_route=%2Fwp%2Fv2%2Fmedia&parent=401"}],"curies":[{"name":"wp","href":"https:\/\/api.w.org\/{rel}","templated":true}]}}