{"id":2726,"date":"2025-07-02T19:56:13","date_gmt":"2025-07-02T17:56:13","guid":{"rendered":"https:\/\/bebidasinn.com\/?page_id=2726"},"modified":"2025-07-02T20:29:30","modified_gmt":"2025-07-02T18:29:30","slug":"elementor-2726","status":"publish","type":"page","link":"https:\/\/bebidasinn.com\/?page_id=2726","title":{"rendered":""},"content":{"rendered":"\t\t<div data-elementor-type=\"wp-page\" data-elementor-id=\"2726\" class=\"elementor elementor-2726\" data-elementor-post-type=\"page\">\n\t\t\t\t\t\t\t\t\t<section class=\"elementor-section elementor-top-section elementor-element elementor-element-1474f77 elementor-section-boxed elementor-section-height-default elementor-section-height-default\" data-id=\"1474f77\" data-element_type=\"section\">\n\t\t\t\t\t\t<div class=\"elementor-container elementor-column-gap-default\">\n\t\t\t\t\t<div class=\"elementor-column elementor-col-100 elementor-top-column elementor-element elementor-element-3954a8f\" data-id=\"3954a8f\" data-element_type=\"column\">\n\t\t\t<div class=\"elementor-widget-wrap elementor-element-populated\">\n\t\t\t\t\t\t\t\t<div class=\"elementor-element elementor-element-0b3b25b elementor-widget elementor-widget-text-editor\" data-id=\"0b3b25b\" data-element_type=\"widget\" data-widget_type=\"text-editor.default\">\n\t\t\t\t<div class=\"elementor-widget-container\">\n\t\t\t<style>\/*! elementor - v3.15.0 - 20-08-2023 *\/\n.elementor-widget-text-editor.elementor-drop-cap-view-stacked .elementor-drop-cap{background-color:#69727d;color:#fff}.elementor-widget-text-editor.elementor-drop-cap-view-framed .elementor-drop-cap{color:#69727d;border:3px solid;background-color:transparent}.elementor-widget-text-editor:not(.elementor-drop-cap-view-default) .elementor-drop-cap{margin-top:8px}.elementor-widget-text-editor:not(.elementor-drop-cap-view-default) .elementor-drop-cap-letter{width:1em;height:1em}.elementor-widget-text-editor .elementor-drop-cap{float:left;text-align:center;line-height:1;font-size:50px}.elementor-widget-text-editor .elementor-drop-cap-letter{display:inline-block}<\/style>\t\t\t\t<p>En RTD S.A.S., la sostenibilidad ambiental es un compromiso central en nuestra forma de operar. Como empresa dedicada a la producci\u00f3n de bebidas azucaradas no alcoh\u00f3licas, entendemos que nuestros procesos requieren un uso intensivo de recursos, especialmente agua y energ\u00eda, por lo cual trabajamos activamente para minimizar nuestro impacto ambiental, optimizando el uso de insumos y cumpliendo con la normativa ambiental vigente.<\/p>\t\t\t\t\t\t<\/div>\n\t\t\t\t<\/div>\n\t\t\t\t\t<\/div>\n\t\t<\/div>\n\t\t\t\t\t\t\t<\/div>\n\t\t<\/section>\n\t\t\t\t<section class=\"elementor-section elementor-top-section elementor-element elementor-element-b68d955 elementor-section-boxed elementor-section-height-default elementor-section-height-default\" data-id=\"b68d955\" data-element_type=\"section\">\n\t\t\t\t\t\t<div class=\"elementor-container elementor-column-gap-default\">\n\t\t\t\t\t<div class=\"elementor-column elementor-col-100 elementor-top-column elementor-element elementor-element-aebbab1\" data-id=\"aebbab1\" data-element_type=\"column\">\n\t\t\t<div class=\"elementor-widget-wrap elementor-element-populated\">\n\t\t\t\t\t\t\t\t<div class=\"elementor-element elementor-element-75e2484 elementor-widget elementor-widget-heading\" data-id=\"75e2484\" data-element_type=\"widget\" data-widget_type=\"heading.default\">\n\t\t\t\t<div class=\"elementor-widget-container\">\n\t\t\t<style>\/*! elementor - v3.15.0 - 20-08-2023 *\/\n.elementor-heading-title{padding:0;margin:0;line-height:1}.elementor-widget-heading .elementor-heading-title[class*=elementor-size-]>a{color:inherit;font-size:inherit;line-height:inherit}.elementor-widget-heading .elementor-heading-title.elementor-size-small{font-size:15px}.elementor-widget-heading .elementor-heading-title.elementor-size-medium{font-size:19px}.elementor-widget-heading .elementor-heading-title.elementor-size-large{font-size:29px}.elementor-widget-heading .elementor-heading-title.elementor-size-xl{font-size:39px}.elementor-widget-heading .elementor-heading-title.elementor-size-xxl{font-size:59px}<\/style><h2 class=\"elementor-heading-title elementor-size-default\">GESTI\u00d3N DEL RECURSO H\u00cdDRICO<\/h2>\t\t<\/div>\n\t\t\t\t<\/div>\n\t\t\t\t\t<\/div>\n\t\t<\/div>\n\t\t\t\t\t\t\t<\/div>\n\t\t<\/section>\n\t\t\t\t<section class=\"elementor-section elementor-top-section elementor-element elementor-element-9df024f elementor-section-boxed elementor-section-height-default elementor-section-height-default\" data-id=\"9df024f\" data-element_type=\"section\">\n\t\t\t\t\t\t<div class=\"elementor-container elementor-column-gap-default\">\n\t\t\t\t\t<div class=\"elementor-column elementor-col-100 elementor-top-column elementor-element elementor-element-0d5a77b\" data-id=\"0d5a77b\" data-element_type=\"column\">\n\t\t\t<div class=\"elementor-widget-wrap elementor-element-populated\">\n\t\t\t\t\t\t\t\t<div class=\"elementor-element elementor-element-d0b45fe elementor-widget elementor-widget-text-editor\" data-id=\"d0b45fe\" data-element_type=\"widget\" data-widget_type=\"text-editor.default\">\n\t\t\t\t<div class=\"elementor-widget-container\">\n\t\t\t\t\t\t\t<p>El agua es el recurso m\u00e1s cr\u00edtico para nuestra operaci\u00f3n. Por esta raz\u00f3n, implementamos una gesti\u00f3n integral del recurso h\u00eddrico, que incluye:<\/p>\t\t\t\t\t\t<\/div>\n\t\t\t\t<\/div>\n\t\t\t\t\t<\/div>\n\t\t<\/div>\n\t\t\t\t\t\t\t<\/div>\n\t\t<\/section>\n\t\t\t\t<section class=\"elementor-section elementor-top-section elementor-element elementor-element-c1113c6 elementor-section-boxed elementor-section-height-default elementor-section-height-default\" data-id=\"c1113c6\" data-element_type=\"section\">\n\t\t\t\t\t\t<div class=\"elementor-container elementor-column-gap-default\">\n\t\t\t\t\t<div class=\"elementor-column elementor-col-100 elementor-top-column elementor-element elementor-element-a0e6021\" data-id=\"a0e6021\" data-element_type=\"column\">\n\t\t\t<div class=\"elementor-widget-wrap elementor-element-populated\">\n\t\t\t\t\t\t\t\t<section class=\"elementor-section elementor-inner-section elementor-element elementor-element-9e3fe22 elementor-section-boxed elementor-section-height-default elementor-section-height-default\" data-id=\"9e3fe22\" data-element_type=\"section\">\n\t\t\t\t\t\t<div class=\"elementor-container elementor-column-gap-default\">\n\t\t\t\t\t<div class=\"elementor-column elementor-col-50 elementor-inner-column elementor-element elementor-element-c5de1c0\" data-id=\"c5de1c0\" data-element_type=\"column\">\n\t\t\t<div class=\"elementor-widget-wrap elementor-element-populated\">\n\t\t\t\t\t\t\t\t<div class=\"elementor-element elementor-element-672c3fc elementor-widget elementor-widget-heading\" data-id=\"672c3fc\" data-element_type=\"widget\" data-widget_type=\"heading.default\">\n\t\t\t\t<div class=\"elementor-widget-container\">\n\t\t\t<h2 class=\"elementor-heading-title elementor-size-default\">- Monitoreo y control permanente del consumo de agua, buscando eficiencia en cada etapa del proceso productivo.<\/h2>\t\t<\/div>\n\t\t\t\t<\/div>\n\t\t\t\t\t<\/div>\n\t\t<\/div>\n\t\t\t\t<div class=\"elementor-column elementor-col-50 elementor-inner-column elementor-element elementor-element-3b195a5\" data-id=\"3b195a5\" data-element_type=\"column\">\n\t\t\t<div class=\"elementor-widget-wrap\">\n\t\t\t\t\t\t\t\t\t<\/div>\n\t\t<\/div>\n\t\t\t\t\t\t\t<\/div>\n\t\t<\/section>\n\t\t\t\t<section class=\"elementor-section elementor-inner-section elementor-element elementor-element-64ad008 elementor-section-boxed elementor-section-height-default elementor-section-height-default\" data-id=\"64ad008\" data-element_type=\"section\">\n\t\t\t\t\t\t<div class=\"elementor-container elementor-column-gap-default\">\n\t\t\t\t\t<div class=\"elementor-column elementor-col-50 elementor-inner-column elementor-element elementor-element-3eca8b5\" data-id=\"3eca8b5\" data-element_type=\"column\">\n\t\t\t<div class=\"elementor-widget-wrap elementor-element-populated\">\n\t\t\t\t\t\t\t\t<div class=\"elementor-element elementor-element-b5d6962 elementor-widget elementor-widget-heading\" data-id=\"b5d6962\" data-element_type=\"widget\" data-widget_type=\"heading.default\">\n\t\t\t\t<div class=\"elementor-widget-container\">\n\t\t\t<h2 class=\"elementor-heading-title elementor-size-default\">- Caracterizaci\u00f3n peri\u00f3dica de nuestros vertimientos, en cumplimiento con la Resoluci\u00f3n 631 de 2015, asegurando que nuestros efluentes cumplan con los l\u00edmites permisibles.<\/h2>\t\t<\/div>\n\t\t\t\t<\/div>\n\t\t\t\t\t<\/div>\n\t\t<\/div>\n\t\t\t\t<div class=\"elementor-column elementor-col-50 elementor-inner-column elementor-element elementor-element-d39daff\" data-id=\"d39daff\" data-element_type=\"column\">\n\t\t\t<div class=\"elementor-widget-wrap\">\n\t\t\t\t\t\t\t\t\t<\/div>\n\t\t<\/div>\n\t\t\t\t\t\t\t<\/div>\n\t\t<\/section>\n\t\t\t\t<section class=\"elementor-section elementor-inner-section elementor-element elementor-element-de2f683 elementor-section-boxed elementor-section-height-default elementor-section-height-default\" data-id=\"de2f683\" data-element_type=\"section\">\n\t\t\t\t\t\t<div class=\"elementor-container elementor-column-gap-default\">\n\t\t\t\t\t<div class=\"elementor-column elementor-col-50 elementor-inner-column elementor-element elementor-element-fe59db3\" data-id=\"fe59db3\" data-element_type=\"column\">\n\t\t\t<div class=\"elementor-widget-wrap elementor-element-populated\">\n\t\t\t\t\t\t\t\t<div class=\"elementor-element elementor-element-dc54793 elementor-widget elementor-widget-heading\" data-id=\"dc54793\" data-element_type=\"widget\" data-widget_type=\"heading.default\">\n\t\t\t\t<div class=\"elementor-widget-container\">\n\t\t\t<h2 class=\"elementor-heading-title elementor-size-default\">- Optimizaci\u00f3n y mantenimiento de los sistemas hidr\u00e1ulicos para prevenir p\u00e9rdidas y garantizar la sostenibilidad del recurso a largo plazo.<\/h2>\t\t<\/div>\n\t\t\t\t<\/div>\n\t\t\t\t\t<\/div>\n\t\t<\/div>\n\t\t\t\t<div class=\"elementor-column elementor-col-50 elementor-inner-column elementor-element elementor-element-3f07f6a\" data-id=\"3f07f6a\" data-element_type=\"column\">\n\t\t\t<div class=\"elementor-widget-wrap\">\n\t\t\t\t\t\t\t\t\t<\/div>\n\t\t<\/div>\n\t\t\t\t\t\t\t<\/div>\n\t\t<\/section>\n\t\t\t\t\t<\/div>\n\t\t<\/div>\n\t\t\t\t\t\t\t<\/div>\n\t\t<\/section>\n\t\t\t\t<section class=\"elementor-section elementor-top-section elementor-element elementor-element-903f519 elementor-section-boxed elementor-section-height-default elementor-section-height-default\" data-id=\"903f519\" data-element_type=\"section\">\n\t\t\t\t\t\t<div class=\"elementor-container elementor-column-gap-default\">\n\t\t\t\t\t<div class=\"elementor-column elementor-col-100 elementor-top-column elementor-element elementor-element-afe3f2e\" data-id=\"afe3f2e\" data-element_type=\"column\">\n\t\t\t<div class=\"elementor-widget-wrap elementor-element-populated\">\n\t\t\t\t\t\t\t\t<div class=\"elementor-element elementor-element-9310926 elementor-widget elementor-widget-heading\" data-id=\"9310926\" data-element_type=\"widget\" data-widget_type=\"heading.default\">\n\t\t\t\t<div class=\"elementor-widget-container\">\n\t\t\t<h2 class=\"elementor-heading-title elementor-size-default\">GESTI\u00d3N DE  EMISIONES ATMOSF\u00c9RICAS<\/h2>\t\t<\/div>\n\t\t\t\t<\/div>\n\t\t\t\t\t<\/div>\n\t\t<\/div>\n\t\t\t\t\t\t\t<\/div>\n\t\t<\/section>\n\t\t\t\t<section class=\"elementor-section elementor-top-section elementor-element elementor-element-39870b4 elementor-section-boxed elementor-section-height-default elementor-section-height-default\" data-id=\"39870b4\" data-element_type=\"section\">\n\t\t\t\t\t\t<div class=\"elementor-container elementor-column-gap-default\">\n\t\t\t\t\t<div class=\"elementor-column elementor-col-100 elementor-top-column elementor-element elementor-element-a38aea0\" data-id=\"a38aea0\" data-element_type=\"column\">\n\t\t\t<div class=\"elementor-widget-wrap elementor-element-populated\">\n\t\t\t\t\t\t\t\t<div class=\"elementor-element elementor-element-b617391 elementor-widget elementor-widget-text-editor\" data-id=\"b617391\" data-element_type=\"widget\" data-widget_type=\"text-editor.default\">\n\t\t\t\t<div class=\"elementor-widget-container\">\n\t\t\t\t\t\t\t<p>RTD S.A.S. Cuenta con una \u00fanica fuente fija de emisi\u00f3n, correspondiente a una caldera que opera con gas natural, un combustible m\u00e1s limpio comparado con otras fuentes f\u00f3siles.<\/p><p>En cumplimiento con la Resoluci\u00f3n 909 de 2008, realizamos el monitoreo peri\u00f3dico del contaminante \u00d3xidos de Nitr\u00f3geno (NOx), \u00fanico par\u00e1metro requerido por la naturaleza de nuestra fuente. Con base en estos resultados, evaluamos acciones de mejora t\u00e9cnica para mantener nuestras emisiones por debajo de los l\u00edmites establecidos.<\/p>\t\t\t\t\t\t<\/div>\n\t\t\t\t<\/div>\n\t\t\t\t\t<\/div>\n\t\t<\/div>\n\t\t\t\t\t\t\t<\/div>\n\t\t<\/section>\n\t\t\t\t<section class=\"elementor-section elementor-top-section elementor-element elementor-element-a171a11 elementor-section-boxed elementor-section-height-default elementor-section-height-default\" data-id=\"a171a11\" data-element_type=\"section\">\n\t\t\t\t\t\t<div class=\"elementor-container elementor-column-gap-default\">\n\t\t\t\t\t<div class=\"elementor-column elementor-col-100 elementor-top-column elementor-element elementor-element-8db311e\" data-id=\"8db311e\" data-element_type=\"column\">\n\t\t\t<div class=\"elementor-widget-wrap elementor-element-populated\">\n\t\t\t\t\t\t\t\t<div class=\"elementor-element elementor-element-d91302d elementor-widget elementor-widget-heading\" data-id=\"d91302d\" data-element_type=\"widget\" data-widget_type=\"heading.default\">\n\t\t\t\t<div class=\"elementor-widget-container\">\n\t\t\t<h2 class=\"elementor-heading-title elementor-size-default\">GESTI\u00d3N DE RESIDUOS Y ECONOM\u00cdA CIRCULAR<\/h2>\t\t<\/div>\n\t\t\t\t<\/div>\n\t\t\t\t\t<\/div>\n\t\t<\/div>\n\t\t\t\t\t\t\t<\/div>\n\t\t<\/section>\n\t\t\t\t<section class=\"elementor-section elementor-top-section elementor-element elementor-element-6a30617 elementor-section-boxed elementor-section-height-default elementor-section-height-default\" data-id=\"6a30617\" data-element_type=\"section\">\n\t\t\t\t\t\t<div class=\"elementor-container elementor-column-gap-default\">\n\t\t\t\t\t<div class=\"elementor-column elementor-col-100 elementor-top-column elementor-element elementor-element-156f5cc\" data-id=\"156f5cc\" data-element_type=\"column\">\n\t\t\t<div class=\"elementor-widget-wrap elementor-element-populated\">\n\t\t\t\t\t\t\t\t<div class=\"elementor-element elementor-element-bf96c1c elementor-widget elementor-widget-text-editor\" data-id=\"bf96c1c\" data-element_type=\"widget\" data-widget_type=\"text-editor.default\">\n\t\t\t\t<div class=\"elementor-widget-container\">\n\t\t\t\t\t\t\t<p>Contamos con un sistema robusto de gesti\u00f3n de residuos, enfocado en la valorizaci\u00f3n, reducci\u00f3n en la fuente y cumplimiento legal. Clasificamos y tratamos los residuos generados de la siguiente manera:<\/p><p>&#8211; Aprovechables: se gestionan mediante alianzas con gestores autorizados, promoviendo su reincorporaci\u00f3n a cadenas productivas.<\/p><p>&#8211; No aprovechables: se disponen adecuadamente en sitios licenciados.<\/p><p>&#8211; Peligrosos y especiales: se identifican, almacenan y gestionan conforme a la normatividad vigente, garantizando trazabilidad y manejo seguro.<\/p><p>&#8211; Nuestro objetivo es avanzar continuamente hacia un modelo de econom\u00eda circular, donde los residuos se transforman en recursos.<\/p>\t\t\t\t\t\t<\/div>\n\t\t\t\t<\/div>\n\t\t\t\t\t<\/div>\n\t\t<\/div>\n\t\t\t\t\t\t\t<\/div>\n\t\t<\/section>\n\t\t\t\t<section class=\"elementor-section elementor-top-section elementor-element elementor-element-554fb49 elementor-section-boxed elementor-section-height-default elementor-section-height-default\" data-id=\"554fb49\" data-element_type=\"section\">\n\t\t\t\t\t\t<div class=\"elementor-container elementor-column-gap-default\">\n\t\t\t\t\t<div class=\"elementor-column elementor-col-100 elementor-top-column elementor-element elementor-element-5ef0826\" data-id=\"5ef0826\" data-element_type=\"column\">\n\t\t\t<div class=\"elementor-widget-wrap elementor-element-populated\">\n\t\t\t\t\t\t\t\t<div class=\"elementor-element elementor-element-dd4d56e elementor-widget elementor-widget-heading\" data-id=\"dd4d56e\" data-element_type=\"widget\" data-widget_type=\"heading.default\">\n\t\t\t\t<div class=\"elementor-widget-container\">\n\t\t\t<h2 class=\"elementor-heading-title elementor-size-default\">ENERG\u00cdA Y TRANSICI\u00d3N RENOVABLE<\/h2>\t\t<\/div>\n\t\t\t\t<\/div>\n\t\t\t\t\t<\/div>\n\t\t<\/div>\n\t\t\t\t\t\t\t<\/div>\n\t\t<\/section>\n\t\t\t\t<section class=\"elementor-section elementor-top-section elementor-element elementor-element-284e350 elementor-section-boxed elementor-section-height-default elementor-section-height-default\" data-id=\"284e350\" data-element_type=\"section\">\n\t\t\t\t\t\t<div class=\"elementor-container elementor-column-gap-default\">\n\t\t\t\t\t<div class=\"elementor-column elementor-col-100 elementor-top-column elementor-element elementor-element-a1feb2d\" data-id=\"a1feb2d\" data-element_type=\"column\">\n\t\t\t<div class=\"elementor-widget-wrap elementor-element-populated\">\n\t\t\t\t\t\t\t\t<div class=\"elementor-element elementor-element-86c952f elementor-widget elementor-widget-text-editor\" data-id=\"86c952f\" data-element_type=\"widget\" data-widget_type=\"text-editor.default\">\n\t\t\t\t<div class=\"elementor-widget-container\">\n\t\t\t\t\t\t\t<p>Monitoreamos de manera interna el desempe\u00f1o energ\u00e9tico de nuestros procesos, buscando reducir el consumo sin afectar la calidad del producto. Actualmente, nos encontramos explorando alternativas de energ\u00edas renovables, principalmente solar fotovoltaica, como parte de nuestra estrategia de descarbonizaci\u00f3n y eficiencia.<\/p>\t\t\t\t\t\t<\/div>\n\t\t\t\t<\/div>\n\t\t\t\t\t<\/div>\n\t\t<\/div>\n\t\t\t\t\t\t\t<\/div>\n\t\t<\/section>\n\t\t\t\t<section class=\"elementor-section elementor-top-section elementor-element elementor-element-21617ac elementor-section-boxed elementor-section-height-default elementor-section-height-default\" data-id=\"21617ac\" data-element_type=\"section\">\n\t\t\t\t\t\t<div class=\"elementor-container elementor-column-gap-default\">\n\t\t\t\t\t<div class=\"elementor-column elementor-col-100 elementor-top-column elementor-element elementor-element-e2b1530\" data-id=\"e2b1530\" data-element_type=\"column\">\n\t\t\t<div class=\"elementor-widget-wrap elementor-element-populated\">\n\t\t\t\t\t\t\t\t<div class=\"elementor-element elementor-element-2b69acf elementor-widget elementor-widget-heading\" data-id=\"2b69acf\" data-element_type=\"widget\" data-widget_type=\"heading.default\">\n\t\t\t\t<div class=\"elementor-widget-container\">\n\t\t\t<h2 class=\"elementor-heading-title elementor-size-default\">INVENTARIO DE GASES DE EFECTO INVERNADERO (GEI)<\/h2>\t\t<\/div>\n\t\t\t\t<\/div>\n\t\t\t\t\t<\/div>\n\t\t<\/div>\n\t\t\t\t\t\t\t<\/div>\n\t\t<\/section>\n\t\t\t\t<section class=\"elementor-section elementor-top-section elementor-element elementor-element-bfced12 elementor-section-boxed elementor-section-height-default elementor-section-height-default\" data-id=\"bfced12\" data-element_type=\"section\">\n\t\t\t\t\t\t<div class=\"elementor-container elementor-column-gap-default\">\n\t\t\t\t\t<div class=\"elementor-column elementor-col-100 elementor-top-column elementor-element elementor-element-920b98e\" data-id=\"920b98e\" data-element_type=\"column\">\n\t\t\t<div class=\"elementor-widget-wrap elementor-element-populated\">\n\t\t\t\t\t\t\t\t<div class=\"elementor-element elementor-element-c9fd534 elementor-widget elementor-widget-text-editor\" data-id=\"c9fd534\" data-element_type=\"widget\" data-widget_type=\"text-editor.default\">\n\t\t\t\t<div class=\"elementor-widget-container\">\n\t\t\t\t\t\t\t<p>Hemos desarrollado un Inventario Corporativo de GEI que nos permite conocer nuestras emisiones asociadas al consumo energ\u00e9tico y procesos indirectos.<\/p><p>Este inventario nos gu\u00eda en:<\/p><p>\u00a0-La definici\u00f3n de metas de reducci\u00f3n a mediano plazo.<\/p><p>&#8211; La priorizaci\u00f3n de inversiones en eficiencia y energ\u00eda renovable.<\/p><p>&#8211; La integraci\u00f3n de la sostenibilidad en nuestra toma de decisiones operativas.<\/p>\t\t\t\t\t\t<\/div>\n\t\t\t\t<\/div>\n\t\t\t\t\t<\/div>\n\t\t<\/div>\n\t\t\t\t\t\t\t<\/div>\n\t\t<\/section>\n\t\t\t\t<section class=\"elementor-section elementor-top-section elementor-element elementor-element-e3f70a8 elementor-section-boxed elementor-section-height-default elementor-section-height-default\" data-id=\"e3f70a8\" data-element_type=\"section\">\n\t\t\t\t\t\t<div class=\"elementor-container elementor-column-gap-default\">\n\t\t\t\t\t<div class=\"elementor-column elementor-col-100 elementor-top-column elementor-element elementor-element-9639a78\" data-id=\"9639a78\" data-element_type=\"column\">\n\t\t\t<div class=\"elementor-widget-wrap elementor-element-populated\">\n\t\t\t\t\t\t\t\t<div class=\"elementor-element elementor-element-735068d elementor-widget elementor-widget-heading\" data-id=\"735068d\" data-element_type=\"widget\" data-widget_type=\"heading.default\">\n\t\t\t\t<div class=\"elementor-widget-container\">\n\t\t\t<h2 class=\"elementor-heading-title elementor-size-default\">INDICADORES AMBIENTALES Y MEJORA CONTINUA<\/h2>\t\t<\/div>\n\t\t\t\t<\/div>\n\t\t\t\t\t<\/div>\n\t\t<\/div>\n\t\t\t\t\t\t\t<\/div>\n\t\t<\/section>\n\t\t\t\t<section class=\"elementor-section elementor-top-section elementor-element elementor-element-8d70675 elementor-section-boxed elementor-section-height-default elementor-section-height-default\" data-id=\"8d70675\" data-element_type=\"section\">\n\t\t\t\t\t\t<div class=\"elementor-container elementor-column-gap-default\">\n\t\t\t\t\t<div class=\"elementor-column elementor-col-100 elementor-top-column elementor-element elementor-element-8a31171\" data-id=\"8a31171\" data-element_type=\"column\">\n\t\t\t<div class=\"elementor-widget-wrap elementor-element-populated\">\n\t\t\t\t\t\t\t\t<div class=\"elementor-element elementor-element-69b3e98 elementor-widget elementor-widget-text-editor\" data-id=\"69b3e98\" data-element_type=\"widget\" data-widget_type=\"text-editor.default\">\n\t\t\t\t<div class=\"elementor-widget-container\">\n\t\t\t\t\t\t\t<p>Nuestra estrategia ambiental se gestiona con base en indicadores, que nos permiten hacer seguimiento, tomar decisiones informadas y comunicar nuestros avances. Entre ellos:<\/p>\n<p>&#8211; Consumo de agua por litro de bebida producida.<\/p>\n<p>&#8211; Emisiones de NOx por operaci\u00f3n de caldera.<\/p>\n<p>&#8211; Porcentaje de residuos aprovechados vs. totales generados.<\/p>\n<p>&#8211; Consumo energ\u00e9tico mensual por unidad de producci\u00f3n.<\/p>\t\t\t\t\t\t<\/div>\n\t\t\t\t<\/div>\n\t\t\t\t\t<\/div>\n\t\t<\/div>\n\t\t\t\t\t\t\t<\/div>\n\t\t<\/section>\n\t\t\t\t<section class=\"elementor-section elementor-top-section elementor-element elementor-element-72a506c elementor-section-boxed elementor-section-height-default elementor-section-height-default\" data-id=\"72a506c\" data-element_type=\"section\">\n\t\t\t\t\t\t<div class=\"elementor-container elementor-column-gap-default\">\n\t\t\t\t\t<div class=\"elementor-column elementor-col-100 elementor-top-column elementor-element elementor-element-8cb7ad3\" data-id=\"8cb7ad3\" data-element_type=\"column\">\n\t\t\t<div class=\"elementor-widget-wrap elementor-element-populated\">\n\t\t\t\t\t\t\t\t<div class=\"elementor-element elementor-element-c8f073f elementor-widget elementor-widget-heading\" data-id=\"c8f073f\" data-element_type=\"widget\" data-widget_type=\"heading.default\">\n\t\t\t\t<div class=\"elementor-widget-container\">\n\t\t\t<h2 class=\"elementor-heading-title elementor-size-default\">CULTURA AMBIENTAL Y COLABORADORES<\/h2>\t\t<\/div>\n\t\t\t\t<\/div>\n\t\t\t\t\t<\/div>\n\t\t<\/div>\n\t\t\t\t\t\t\t<\/div>\n\t\t<\/section>\n\t\t\t\t<section class=\"elementor-section elementor-top-section elementor-element elementor-element-899b4db elementor-section-boxed elementor-section-height-default elementor-section-height-default\" data-id=\"899b4db\" data-element_type=\"section\">\n\t\t\t\t\t\t<div class=\"elementor-container elementor-column-gap-default\">\n\t\t\t\t\t<div class=\"elementor-column elementor-col-100 elementor-top-column elementor-element elementor-element-ca2f8b9\" data-id=\"ca2f8b9\" data-element_type=\"column\">\n\t\t\t<div class=\"elementor-widget-wrap elementor-element-populated\">\n\t\t\t\t\t\t\t\t<div class=\"elementor-element elementor-element-a011653 elementor-widget elementor-widget-text-editor\" data-id=\"a011653\" data-element_type=\"widget\" data-widget_type=\"text-editor.default\">\n\t\t\t\t<div class=\"elementor-widget-container\">\n\t\t\t\t\t\t\t<p>Fomentamos una cultura de sostenibilidad entre nuestros colaboradores y aliados. Realizamos campa\u00f1as de formaci\u00f3n ambiental, promovemos buenas pr\u00e1cticas y fortalecemos alianzas con gestores, operadores y autoridades que comparten nuestro compromiso.<\/p><p>\u00a0<span style=\"font-size: 1rem;\">En RTD S.A.S., entendemos que producir con responsabilidad no es una opci\u00f3n, sino una obligaci\u00f3n. Por eso, cada acci\u00f3n que tomamos est\u00e1 orientada a proteger el entorno, optimizar recursos y construir una industria m\u00e1s consciente, eficiente y respetuosa con el planeta.<\/span><\/p>\t\t\t\t\t\t<\/div>\n\t\t\t\t<\/div>\n\t\t\t\t\t<\/div>\n\t\t<\/div>\n\t\t\t\t\t\t\t<\/div>\n\t\t<\/section>\n\t\t\t\t\t\t\t<\/div>\n\t\t","protected":false},"excerpt":{"rendered":"<p>En RTD S.A.S., la sostenibilidad ambiental es un compromiso central en nuestra forma de operar. Como empresa dedicada a la producci\u00f3n de bebidas azucaradas no alcoh\u00f3licas, entendemos que nuestros procesos requieren un uso intensivo de recursos, especialmente agua y energ\u00eda, por lo cual trabajamos activamente para minimizar nuestro impacto ambiental, optimizando el uso de insumos [&hellip;]<\/p>\n","protected":false},"author":6,"featured_media":0,"parent":0,"menu_order":0,"comment_status":"closed","ping_status":"closed","template":"","meta":{"footnotes":""},"class_list":["post-2726","page","type-page","status-publish","hentry"],"_links":{"self":[{"href":"https:\/\/bebidasinn.com\/index.php?rest_route=\/wp\/v2\/pages\/2726","targetHints":{"allow":["GET"]}}],"collection":[{"href":"https:\/\/bebidasinn.com\/index.php?rest_route=\/wp\/v2\/pages"}],"about":[{"href":"https:\/\/bebidasinn.com\/index.php?rest_route=\/wp\/v2\/types\/page"}],"author":[{"embeddable":true,"href":"https:\/\/bebidasinn.com\/index.php?rest_route=\/wp\/v2\/users\/6"}],"replies":[{"embeddable":true,"href":"https:\/\/bebidasinn.com\/index.php?rest_route=%2Fwp%2Fv2%2Fcomments&post=2726"}],"version-history":[{"count":8,"href":"https:\/\/bebidasinn.com\/index.php?rest_route=\/wp\/v2\/pages\/2726\/revisions"}],"predecessor-version":[{"id":2738,"href":"https:\/\/bebidasinn.com\/index.php?rest_route=\/wp\/v2\/pages\/2726\/revisions\/2738"}],"wp:attachment":[{"href":"https:\/\/bebidasinn.com\/index.php?rest_route=%2Fwp%2Fv2%2Fmedia&parent=2726"}],"curies":[{"name":"wp","href":"https:\/\/api.w.org\/{rel}","templated":true}]}}