{"id":2597,"date":"2025-06-03T20:49:09","date_gmt":"2025-06-03T18:49:09","guid":{"rendered":"https:\/\/bebidasinn.com\/?page_id=2597"},"modified":"2025-06-03T21:07:42","modified_gmt":"2025-06-03T19:07:42","slug":"denuncias","status":"publish","type":"page","link":"https:\/\/bebidasinn.com\/?page_id=2597","title":{"rendered":"Denuncias"},"content":{"rendered":"\t\t<div data-elementor-type=\"wp-page\" data-elementor-id=\"2597\" class=\"elementor elementor-2597\" data-elementor-post-type=\"page\">\n\t\t\t\t\t\t\t\t\t<section class=\"elementor-section elementor-top-section elementor-element elementor-element-f6b3002 elementor-section-boxed elementor-section-height-default elementor-section-height-default\" data-id=\"f6b3002\" data-element_type=\"section\">\n\t\t\t\t\t\t<div class=\"elementor-container elementor-column-gap-default\">\n\t\t\t\t\t<div class=\"elementor-column elementor-col-100 elementor-top-column elementor-element elementor-element-b7adad7\" data-id=\"b7adad7\" data-element_type=\"column\">\n\t\t\t<div class=\"elementor-widget-wrap elementor-element-populated\">\n\t\t\t\t\t\t\t\t<div class=\"elementor-element elementor-element-2c8d6df elementor-widget elementor-widget-heading\" data-id=\"2c8d6df\" data-element_type=\"widget\" data-widget_type=\"heading.default\">\n\t\t\t\t<div class=\"elementor-widget-container\">\n\t\t\t<style>\/*! elementor - v3.15.0 - 20-08-2023 *\/\n.elementor-heading-title{padding:0;margin:0;line-height:1}.elementor-widget-heading .elementor-heading-title[class*=elementor-size-]>a{color:inherit;font-size:inherit;line-height:inherit}.elementor-widget-heading .elementor-heading-title.elementor-size-small{font-size:15px}.elementor-widget-heading .elementor-heading-title.elementor-size-medium{font-size:19px}.elementor-widget-heading .elementor-heading-title.elementor-size-large{font-size:29px}.elementor-widget-heading .elementor-heading-title.elementor-size-xl{font-size:39px}.elementor-widget-heading .elementor-heading-title.elementor-size-xxl{font-size:59px}<\/style><h2 class=\"elementor-heading-title elementor-size-default\">Formulario de Denuncia y Cumplimiento<\/h2>\t\t<\/div>\n\t\t\t\t<\/div>\n\t\t\t\t<div class=\"elementor-element elementor-element-a88dc57 elementor-widget elementor-widget-shortcode\" data-id=\"a88dc57\" data-element_type=\"widget\" data-widget_type=\"shortcode.default\">\n\t\t\t\t<div class=\"elementor-widget-container\">\n\t\t\t\t\t<div class=\"elementor-shortcode\">\n<div class=\"wpcf7 no-js\" id=\"wpcf7-f2653-o1\" lang=\"es-ES\" dir=\"ltr\" data-wpcf7-id=\"2653\">\n<div class=\"screen-reader-response\"><p role=\"status\" aria-live=\"polite\" aria-atomic=\"true\"><\/p> <ul><\/ul><\/div>\n<form action=\"\/index.php?rest_route=%2Fwp%2Fv2%2Fpages%2F2597#wpcf7-f2653-o1\" method=\"post\" class=\"wpcf7-form init\" aria-label=\"Formulario de contacto\" novalidate=\"novalidate\" data-status=\"init\">\n<div style=\"display: none;\">\n<input type=\"hidden\" name=\"_wpcf7\" value=\"2653\" \/>\n<input type=\"hidden\" name=\"_wpcf7_version\" value=\"6.0.6\" \/>\n<input type=\"hidden\" name=\"_wpcf7_locale\" value=\"es_ES\" \/>\n<input type=\"hidden\" name=\"_wpcf7_unit_tag\" value=\"wpcf7-f2653-o1\" \/>\n<input type=\"hidden\" name=\"_wpcf7_container_post\" value=\"0\" \/>\n<input type=\"hidden\" name=\"_wpcf7_posted_data_hash\" value=\"\" \/>\n<input type=\"hidden\" name=\"_wpcf7_recaptcha_response\" value=\"\" \/>\n<\/div>\n<div style=\"font-family: 'Roboto'; font-size: clamp(1rem, 2vw, 1.25rem);\">\n\t<div style=\"display: flex; align-items: center; justify-content: center;\">\n\t\t<p><label style=\"padding: 10px 10px; font-family: 'Roboto';\" >Ciudad\/Lugar<br \/>\n<span class=\"wpcf7-form-control-wrap\" data-name=\"ciudad-lugar\"><input size=\"40\" maxlength=\"400\" class=\"wpcf7-form-control wpcf7-text wpcf7-validates-as-required\" aria-required=\"true\" aria-invalid=\"false\" value=\"\" type=\"text\" name=\"ciudad-lugar\" \/><\/span><br \/>\n<\/label>\n\t\t<\/p>\n\t\t<p><label style=\"font-family: 'Roboto';\">Fecha<br \/>\n<span class=\"wpcf7-form-control-wrap\" data-name=\"fecha\"><input class=\"wpcf7-form-control wpcf7-date wpcf7-validates-as-required wpcf7-validates-as-date\" aria-required=\"true\" aria-invalid=\"false\" value=\"\" type=\"date\" name=\"fecha\" \/><\/span><br \/>\n<\/label>\n\t\t<\/p>\n\t<\/div>\n\t<div style=\"display: flex; align-items:center; background-color: #2596be; color: white; border-radius: 10px; height: 50px; padding-left: 15px; padding-top:15px\">\n\t\t<p><strong>Datos de la persona que presenta la queja o denuncia:<\/strong>\n\t\t<\/p>\n\t<\/div>\n\t<div style=\"display: grid; align-items: center; justify-content: center; grid-template-columns: repeat(auto-fit, minmax(100px, 1fr));\">\n\t\t<p><label style=\"padding: 0.313rem;\">Nombre y Apellidos<br \/>\n<span class=\"wpcf7-form-control-wrap\" data-name=\"nombre-denunciante\"><input size=\"40\" maxlength=\"400\" class=\"wpcf7-form-control wpcf7-text\" aria-invalid=\"false\" value=\"\" type=\"text\" name=\"nombre-denunciante\" \/><\/span><br \/>\n<\/label>\n\t\t<\/p>\n\t\t<p><label style=\"padding: 0.313rem;\">Domicilio<br \/>\n<span class=\"wpcf7-form-control-wrap\" data-name=\"domicilio-denunciante\"><input size=\"40\" maxlength=\"400\" class=\"wpcf7-form-control wpcf7-text\" aria-invalid=\"false\" value=\"\" type=\"text\" name=\"domicilio-denunciante\" \/><\/span><br \/>\n<\/label>\n\t\t<\/p>\n\t\t<p><label style=\"padding: 0.313rem;\">Tel\u00e9fono<br \/>\n<span class=\"wpcf7-form-control-wrap\" data-name=\"telefono-denunciante\"><input size=\"40\" maxlength=\"400\" class=\"wpcf7-form-control wpcf7-tel wpcf7-text wpcf7-validates-as-tel\" aria-invalid=\"false\" value=\"\" type=\"tel\" name=\"telefono-denunciante\" \/><\/span><br \/>\n<\/label>\n\t\t<\/p>\n\t\t<p><label style=\"padding: 0.313rem;\">Extensi\u00f3n<br \/>\n<span class=\"wpcf7-form-control-wrap\" data-name=\"extension\"><input size=\"40\" maxlength=\"400\" class=\"wpcf7-form-control wpcf7-text\" aria-invalid=\"false\" value=\"\" type=\"text\" name=\"extension\" \/><\/span><br \/>\n<\/label>\n\t\t<\/p>\n\t\t<p><label style=\"padding: 0.313rem;\">Tu correo electr\u00f3nico<br \/>\n<span class=\"wpcf7-form-control-wrap\" data-name=\"your-email\"><input size=\"40\" maxlength=\"400\" class=\"wpcf7-form-control wpcf7-email wpcf7-text wpcf7-validates-as-email\" aria-invalid=\"false\" value=\"\" type=\"email\" name=\"your-email\" \/><\/span><br \/>\n<\/label>\n\t\t<\/p>\n\t<\/div>\n\t<p><span class=\"wpcf7-form-control-wrap\" data-name=\"anonimato\"><span class=\"wpcf7-form-control wpcf7-checkbox\"><span class=\"wpcf7-list-item first last\"><label><input type=\"checkbox\" name=\"anonimato[]\" value=\"En caso de ser an\u00f3nimo, marque esta opci\u00f3n por favor\" \/><span class=\"wpcf7-list-item-label\">En caso de ser an\u00f3nimo, marque esta opci\u00f3n por favor<\/span><\/label><\/span><\/span><\/span>\n\t<\/p>\n\t<div style=\"display: flex; align-items:center; background-color: #2596be; color: white; border-radius: 10px; height: 50px; padding-left: 15px; padding-top:15px\">\n\t\t<p><strong>Datos de la persona en contra de quien se presenta la queja o denuncia:<\/strong>\n\t\t<\/p>\n\t<\/div>\n\t<div style=\"display: grid; align-items: center; justify-content: center; grid-template-columns: repeat(auto-fit, minmax(100px, 1fr));\">\n\t\t<p><label style=\"padding: 0.313rem;\">Nombre Completo<br \/>\n<span class=\"wpcf7-form-control-wrap\" data-name=\"nombre-implicado\"><input size=\"40\" maxlength=\"400\" class=\"wpcf7-form-control wpcf7-text wpcf7-validates-as-required\" aria-required=\"true\" aria-invalid=\"false\" value=\"\" type=\"text\" name=\"nombre-implicado\" \/><\/span><br \/>\n<\/label>\n\t\t<\/p>\n\t\t<p><label style=\"padding: 0.313rem;\">Cargo<br \/>\n<span class=\"wpcf7-form-control-wrap\" data-name=\"cargo-implicado\"><input size=\"40\" maxlength=\"400\" class=\"wpcf7-form-control wpcf7-text wpcf7-validates-as-required\" aria-required=\"true\" aria-invalid=\"false\" value=\"\" type=\"text\" name=\"cargo-implicado\" \/><\/span><br \/>\n<\/label>\n\t\t<\/p>\n\t\t<p><label style=\"padding: 0.313rem;\">\u00c1rea<br \/>\n<span class=\"wpcf7-form-control-wrap\" data-name=\"area-implicado\"><input size=\"40\" maxlength=\"400\" class=\"wpcf7-form-control wpcf7-text wpcf7-validates-as-required\" aria-required=\"true\" aria-invalid=\"false\" value=\"\" type=\"text\" name=\"area-implicado\" \/><\/span><br \/>\n<\/label>\n\t\t<\/p>\n\t<\/div>\n\t<div style=\"display: flex; align-items:center; background-color: #2596be; color: white; border-radius: 10px; height: 50px; padding-left: 15px; padding-top:15px\">\n\t\t<p><strong>Descripci\u00f3n de los hechos:<\/strong>\n\t\t<\/p>\n\t<\/div>\n\t<div style=\"display: flex; align-items: center; justify-content: center;\">\n\t\t<p><label style=\"padding: 0.313rem;\">Tipo de reporte<\/label>\n\t\t<\/p>\n\t\t<div style=\"display: flex; flex-direction: column; align-items: center; justify-content: center;\">\n\t\t\t<p><span class=\"wpcf7-form-control-wrap\" data-name=\"tipo-reporte\"><span class=\"wpcf7-form-control wpcf7-radio\"><span class=\"wpcf7-list-item first\"><input type=\"radio\" name=\"tipo-reporte\" value=\"Queja\" \/><span class=\"wpcf7-list-item-label\">Queja<\/span><\/span><span class=\"wpcf7-list-item last\"><input type=\"radio\" name=\"tipo-reporte\" value=\"Denuncia\" checked=\"checked\" \/><span class=\"wpcf7-list-item-label\">Denuncia<\/span><\/span><\/span><\/span>\n\t\t\t<\/p>\n\t\t<\/div>\n\t\t<p><label style=\"padding: 0.313rem;\">\u00bfHay testigo?<\/label>\n\t\t<\/p>\n\t\t<p><span class=\"wpcf7-form-control-wrap\" data-name=\"hay-testigo\"><span class=\"wpcf7-form-control wpcf7-radio\"><span class=\"wpcf7-list-item first\"><input type=\"radio\" name=\"hay-testigo\" value=\"Si\" \/><span class=\"wpcf7-list-item-label\">Si<\/span><\/span><span class=\"wpcf7-list-item last\"><input type=\"radio\" name=\"hay-testigo\" value=\"No\" checked=\"checked\" \/><span class=\"wpcf7-list-item-label\">No<\/span><\/span><\/span><\/span>\n\t\t<\/p>\n\t\t<p><label style=\"padding: 0.313rem;\">Lugar<br \/>\n<span class=\"wpcf7-form-control-wrap\" data-name=\"lugar\"><input size=\"40\" maxlength=\"400\" class=\"wpcf7-form-control wpcf7-text wpcf7-validates-as-required\" aria-required=\"true\" aria-invalid=\"false\" value=\"\" type=\"text\" name=\"lugar\" \/><\/span><br \/>\n<\/label>\n\t\t<\/p>\n\t\t<p><label style=\"padding: 0.313rem;\">Fecha<br \/>\n<span class=\"wpcf7-form-control-wrap\" data-name=\"fecha-descripcion\"><input class=\"wpcf7-form-control wpcf7-date wpcf7-validates-as-required wpcf7-validates-as-date\" aria-required=\"true\" aria-invalid=\"false\" value=\"\" type=\"date\" name=\"fecha-descripcion\" \/><\/span><br \/>\n<\/label>\n\t\t<\/p>\n\t<\/div>\n\t<div style=\"display: flex; align-items:center; background-color: #2596be; color: white; border-radius: 10px; height: 50px; padding-left: 15px; padding-top:15px\">\n\t\t<p><strong>Los Hechos:<\/strong>\n\t\t<\/p>\n\t<\/div>\n\t<p><label style=\"padding:0.313rem; padding-top:15px;\">Descripci\u00f3n breve de los hechos: Circunstancias de Modo (c\u00f3mo se dieron los hechos), Tiempo (fecha y hora de los hechos) y Lugar (d\u00f3nde se desarrollaron los hechos):<br \/>\n<span class=\"wpcf7-form-control-wrap\" data-name=\"descripcion-hechos\"><textarea cols=\"40\" rows=\"10\" maxlength=\"2000\" class=\"wpcf7-form-control wpcf7-textarea wpcf7-validates-as-required\" aria-required=\"true\" aria-invalid=\"false\" name=\"descripcion-hechos\"><\/textarea><\/span><br \/>\n<\/label>\n\t<\/p>\n\t<p><label style=\"padding:0.313rem; padding-top:15px;\" >Identificar qu\u00e9 principio(s), valor(es) y\/o compromisos que se est\u00e1n infringiendo del C\u00f3digo de Conducta y la Pol\u00edtica de \u00c9tica:<br \/>\n<span class=\"wpcf7-form-control-wrap\" data-name=\"principios-infringidos\"><textarea cols=\"40\" rows=\"10\" maxlength=\"2000\" class=\"wpcf7-form-control wpcf7-textarea wpcf7-validates-as-required\" aria-required=\"true\" aria-invalid=\"false\" name=\"principios-infringidos\"><\/textarea><\/span><br \/>\n<\/label>\n\t<\/p>\n\t<div style=\"display: flex; align-items: center; justify-content: center; text-align:center;\">\n\t\t<p><Label>La informaci\u00f3n aqu\u00ed suministrada sera trata de acuerdo a la Pol\u00edtica de Protecci\u00f3n de Datos Personales de RTD SAS en acuerdo a lo establecido en la ley 1581 de 2012 y el Decreto 1377 de 2013.<\/label><br \/>\n\t\t<\/p>\n\t<\/div>\n\t<div style=\"display: flex; align-items: center; justify-content: center; text-align:center;\">\n\t\t<p><span class=\"wpcf7-form-control-wrap\" data-name=\"accept\"><span class=\"wpcf7-form-control wpcf7-acceptance\"><span class=\"wpcf7-list-item\"><label><input type=\"checkbox\" name=\"accept\" value=\"1\" aria-invalid=\"false\" \/><span class=\"wpcf7-list-item-label\">Acepto el env\u00edo de esta informaci\u00f3n.<\/span><\/label><\/span><\/span><\/span>\n\t\t<\/p>\n\t<\/div>\n\t<div style=\"display: flex; align-items: center; justify-content: center; text-align:center;\">\n\t\t<p><input class=\"wpcf7-form-control wpcf7-submit has-spinner\" type=\"submit\" value=\"Registrar queja o denuncia\" \/>\n\t\t<\/p>\n\t<\/div>\n<\/div><div class=\"wpcf7-response-output\" aria-hidden=\"true\"><\/div>\n<\/form>\n<\/div>\n<\/div>\n\t\t\t\t<\/div>\n\t\t\t\t<\/div>\n\t\t\t\t\t<\/div>\n\t\t<\/div>\n\t\t\t\t\t\t\t<\/div>\n\t\t<\/section>\n\t\t\t\t<section class=\"elementor-section elementor-top-section elementor-element elementor-element-38879e3 elementor-section-boxed elementor-section-height-default elementor-section-height-default\" data-id=\"38879e3\" data-element_type=\"section\">\n\t\t\t\t\t\t<div class=\"elementor-container elementor-column-gap-default\">\n\t\t\t\t\t<div class=\"elementor-column elementor-col-100 elementor-top-column elementor-element elementor-element-624960e\" data-id=\"624960e\" data-element_type=\"column\">\n\t\t\t<div class=\"elementor-widget-wrap elementor-element-populated\">\n\t\t\t\t\t\t\t\t<div class=\"elementor-element elementor-element-ff80b95 elementor-widget elementor-widget-shortcode\" data-id=\"ff80b95\" data-element_type=\"widget\" data-widget_type=\"shortcode.default\">\n\t\t\t\t<div class=\"elementor-widget-container\">\n\t\t\t\t\t<div class=\"elementor-shortcode\"><\/div>\n\t\t\t\t<\/div>\n\t\t\t\t<\/div>\n\t\t\t\t\t<\/div>\n\t\t<\/div>\n\t\t\t\t\t\t\t<\/div>\n\t\t<\/section>\n\t\t\t\t\t\t\t<\/div>\n\t\t","protected":false},"excerpt":{"rendered":"<p>Formulario de Denuncia y Cumplimiento<\/p>\n","protected":false},"author":89,"featured_media":0,"parent":0,"menu_order":0,"comment_status":"closed","ping_status":"closed","template":"","meta":{"footnotes":""},"class_list":["post-2597","page","type-page","status-publish","hentry"],"_links":{"self":[{"href":"https:\/\/bebidasinn.com\/index.php?rest_route=\/wp\/v2\/pages\/2597","targetHints":{"allow":["GET"]}}],"collection":[{"href":"https:\/\/bebidasinn.com\/index.php?rest_route=\/wp\/v2\/pages"}],"about":[{"href":"https:\/\/bebidasinn.com\/index.php?rest_route=\/wp\/v2\/types\/page"}],"author":[{"embeddable":true,"href":"https:\/\/bebidasinn.com\/index.php?rest_route=\/wp\/v2\/users\/89"}],"replies":[{"embeddable":true,"href":"https:\/\/bebidasinn.com\/index.php?rest_route=%2Fwp%2Fv2%2Fcomments&post=2597"}],"version-history":[{"count":13,"href":"https:\/\/bebidasinn.com\/index.php?rest_route=\/wp\/v2\/pages\/2597\/revisions"}],"predecessor-version":[{"id":2659,"href":"https:\/\/bebidasinn.com\/index.php?rest_route=\/wp\/v2\/pages\/2597\/revisions\/2659"}],"wp:attachment":[{"href":"https:\/\/bebidasinn.com\/index.php?rest_route=%2Fwp%2Fv2%2Fmedia&parent=2597"}],"curies":[{"name":"wp","href":"https:\/\/api.w.org\/{rel}","templated":true}]}}